{"id":138,"date":"2020-03-26T16:10:08","date_gmt":"2020-03-26T16:10:08","guid":{"rendered":"http:\/\/anv-obererneckar.de\/?page_id=138"},"modified":"2020-08-12T09:47:16","modified_gmt":"2020-08-12T07:47:16","slug":"impressum","status":"publish","type":"page","link":"https:\/\/anv-obererneckar.de\/?page_id=138","title":{"rendered":"Impressum"},"content":{"rendered":"\n<h1 class=\"wp-block-heading\">\nImpressum<\/h1>\n\n\n\n<h3 class=\"wp-block-heading\">Angaben gem\u00e4\u00df \u00a7 5 TMG:<\/h3>\n\n\n\n<p> Angel- und Naturschutzverein Oberer Neckar e.V.<br> Sulzer Str. 51<br> 78727 Oberndorf<\/p>\n\n\n\n<h3 class=\"wp-block-heading\">Vertreten durch:<\/h3>\n\n\n\n<p>Peter Beiter (1. Vorstand)<\/p>\n\n\n\n<h3 class=\"wp-block-heading\">Kontakt:<\/h3>\n\n\n\n<p> Telefon: 07423 \/ 5855<br> Mobil: 0176 \/ 39012945 <br> E-Mail: beiter-peter@t-online.de<\/p>\n\n\n\n<h3 class=\"wp-block-heading\">Registereintrag:<\/h3>\n\n\n\n<p> Registergericht: Amtsgericht Stuttgart <br> Registernummer: VR 480119<\/p>\n\n\n\n<h3 class=\"wp-block-heading\">Verantwortlich f\u00fcr den Inhalt nach \u00a7 55 Abs. 2\nRStV:<\/h3>\n\n\n\n<p> Angel- und Natuschutzverein Oberer Neckar e.V.<br> Sulzer Str. 51<br> 78727 Oberndorf<br> Tel.: 07423 \/ 5855<br> Mobil: 0176 \/ 39012945<br> E-Mail: beiter-peter@t-online.de<br> V.i.s.d.P. Peter Beiter (1. Vorstand)<\/p>\n\n\n\n<h3 class=\"wp-block-heading\">Haftung f\u00fcr Inhalte<\/h3>\n\n\n\n<p>Als Diensteanbieter sind wir gem\u00e4\u00df \u00a7 7 Abs.1 TMG f\u00fcr eigene\nInhalte auf diesen Seiten nach den allgemeinen Gesetzen\nverantwortlich. Nach \u00a7\u00a7 8 bis 10 TMG sind wir als Diensteanbieter\njedoch nicht verpflichtet, \u00fcbermittelte oder gespeicherte fremde\nInformationen zu \u00fcberwachen oder nach Umst\u00e4nden zu forschen, die\nauf eine rechtswidrige T\u00e4tigkeit hinweisen.<\/p>\n\n\n\n<p>Verpflichtungen zur Entfernung oder Sperrung der Nutzung von\nInformationen nach den allgemeinen Gesetzen bleiben hiervon\nunber\u00fchrt. Eine diesbez\u00fcgliche Haftung ist jedoch erst ab dem\nZeitpunkt der Kenntnis einer konkreten Rechtsverletzung m\u00f6glich. Bei\nBekanntwerden von entsprechenden Rechtsverletzungen werden wir diese\nInhalte umgehend entfernen.<\/p>\n\n\n\n<h3 class=\"wp-block-heading\">Haftung f\u00fcr Links<\/h3>\n\n\n\n<p>Unser Angebot enth\u00e4lt Links zu externen Websites Dritter, auf\nderen Inhalte wir keinen Einfluss haben. Deshalb k\u00f6nnen wir f\u00fcr\ndiese fremden Inhalte auch keine Gew\u00e4hr \u00fcbernehmen. F\u00fcr die\nInhalte der verlinkten Seiten ist stets der jeweilige Anbieter oder\nBetreiber der Seiten verantwortlich. Die verlinkten Seiten wurden zum\nZeitpunkt der Verlinkung auf m\u00f6gliche Rechtsverst\u00f6\u00dfe \u00fcberpr\u00fcft.\nRechtswidrige Inhalte waren zum Zeitpunkt der Verlinkung nicht\nerkennbar.<\/p>\n\n\n\n<p>Eine permanente inhaltliche Kontrolle der verlinkten Seiten ist\njedoch ohne konkrete Anhaltspunkte einer Rechtsverletzung nicht\nzumutbar. Bei Bekanntwerden von Rechtsverletzungen werden wir\nderartige Links umgehend entfernen.<\/p>\n\n\n\n<h3 class=\"wp-block-heading\">Urheberrecht<\/h3>\n\n\n\n<p>Die durch die Seitenbetreiber erstellten Inhalte und Werke auf\ndiesen Seiten unterliegen dem deutschen Urheberrecht. Die\nVervielf\u00e4ltigung, Bearbeitung, Verbreitung und jede Art der\nVerwertung au\u00dferhalb der Grenzen des Urheberrechtes bed\u00fcrfen der\nschriftlichen Zustimmung des jeweiligen Autors bzw. Erstellers.\nDownloads und Kopien dieser Seite sind nur f\u00fcr den privaten, nicht\nkommerziellen Gebrauch gestattet.<\/p>\n\n\n\n<p>Soweit die Inhalte auf dieser Seite nicht vom Betreiber erstellt\nwurden, werden die Urheberrechte Dritter beachtet. Insbesondere\nwerden Inhalte Dritter als solche gekennzeichnet. Sollten Sie\ntrotzdem auf eine Urheberrechtsverletzung aufmerksam werden, bitten\nwir um einen entsprechenden Hinweis. Bei Bekanntwerden von\nRechtsverletzungen werden wir derartige Inhalte umgehend entfernen.<\/p>\n\n\n\n<h3 class=\"wp-block-heading\">Datenschutz<\/h3>\n\n\n\n<p>Gem\u00e4\u00df Datenschutzgrundverordnung DS-GVO.<\/p>\n\n\n\n<p>Siehe Link.<\/p>\n\n\n\n<h3 class=\"wp-block-heading\">Beschwerderecht bei der zust\u00e4ndigen\nAufsichtsbeh\u00f6rde<\/h3>\n\n\n\n<p>Im Falle\ndatenschutzrechtlicher Verst\u00f6\u00dfe steht dem Betroffenen ein\nBeschwerderecht bei der zust\u00e4ndigen Aufsichtsbeh\u00f6rde zu. Zust\u00e4ndige\nAufsichtsbeh\u00f6rde in datenschutzrechtlichen Fragen ist der\nLandesdatenschutzbeauftragte des Bundeslandes, in dem unser\nUnternehmen seinen Sitz hat. Zust\u00e4ndige Aufsichtsbeh\u00f6rde ist der\nLandesbeauftragte f\u00fcr den Datenschutz und die Informationsfreiheit\nBaden-W\u00fcrttemberg, Dr. Stefan Brink, K\u00f6nigstra\u00dfe 10a, 70173\nStuttgart, Telefon: 07 11\/61 55 41-0, <a href=\"mailto:poststelle@lfdi.bwl.de\">poststelle@lfdi.bwl.de<\/a>,\nhttp:\/\/www.baden-wuerttemberg.datenschutz.de<\/p>\n","protected":false},"excerpt":{"rendered":"<p>Impressum Angaben gem\u00e4\u00df \u00a7 5 TMG: Angel- und Naturschutzverein Oberer Neckar e.V. Sulzer Str. 51 78727 Oberndorf Vertreten durch: Peter Beiter (1. Vorstand) Kontakt: Telefon: 07423 \/ 5855 Mobil: 0176 \/ 39012945 E-Mail: beiter-peter@t-online.de Registereintrag: Registergericht: Amtsgericht Stuttgart Registernummer: VR 480119 Verantwortlich f\u00fcr den Inhalt nach \u00a7 55 Abs. 2 RStV: Angel- und Natuschutzverein Oberer&hellip;&nbsp;<a href=\"https:\/\/anv-obererneckar.de\/?page_id=138\" rel=\"bookmark\">Weiterlesen &raquo;<span class=\"screen-reader-text\">Impressum<\/span><\/a><\/p>\n","protected":false},"author":1,"featured_media":0,"parent":0,"menu_order":0,"comment_status":"closed","ping_status":"closed","template":"","meta":{"neve_meta_sidebar":"","neve_meta_container":"","neve_meta_enable_content_width":"","neve_meta_content_width":0,"neve_meta_title_alignment":"","neve_meta_author_avatar":"","neve_post_elements_order":"","neve_meta_disable_header":"","neve_meta_disable_footer":"","neve_meta_disable_title":"","footnotes":""},"class_list":["post-138","page","type-page","status-publish","hentry"],"_links":{"self":[{"href":"https:\/\/anv-obererneckar.de\/index.php?rest_route=\/wp\/v2\/pages\/138","targetHints":{"allow":["GET"]}}],"collection":[{"href":"https:\/\/anv-obererneckar.de\/index.php?rest_route=\/wp\/v2\/pages"}],"about":[{"href":"https:\/\/anv-obererneckar.de\/index.php?rest_route=\/wp\/v2\/types\/page"}],"author":[{"embeddable":true,"href":"https:\/\/anv-obererneckar.de\/index.php?rest_route=\/wp\/v2\/users\/1"}],"replies":[{"embeddable":true,"href":"https:\/\/anv-obererneckar.de\/index.php?rest_route=%2Fwp%2Fv2%2Fcomments&post=138"}],"version-history":[{"count":1,"href":"https:\/\/anv-obererneckar.de\/index.php?rest_route=\/wp\/v2\/pages\/138\/revisions"}],"predecessor-version":[{"id":139,"href":"https:\/\/anv-obererneckar.de\/index.php?rest_route=\/wp\/v2\/pages\/138\/revisions\/139"}],"wp:attachment":[{"href":"https:\/\/anv-obererneckar.de\/index.php?rest_route=%2Fwp%2Fv2%2Fmedia&parent=138"}],"curies":[{"name":"wp","href":"https:\/\/api.w.org\/{rel}","templated":true}]}}