{"id":1692,"date":"2022-06-06T09:31:50","date_gmt":"2022-06-06T07:31:50","guid":{"rendered":"https:\/\/anv-obererneckar.de\/?page_id=1692"},"modified":"2023-11-21T17:55:04","modified_gmt":"2023-11-21T16:55:04","slug":"wiederansiedlung-der-quappe","status":"publish","type":"page","link":"https:\/\/anv-obererneckar.de\/?page_id=1692","title":{"rendered":"Wiederansiedlung der Quappe"},"content":{"rendered":"\n<p class=\"has-medium-font-size\">Rettung der Quappe in Zeiten des Klimawandels<\/p>\n\n\n\n<p class=\"has-text-align-center has-large-font-size\"><strong>Fisch des Jahres 2002<\/strong><\/p>\n\n\n\n<figure class=\"wp-block-gallery has-nested-images columns-default is-cropped wp-block-gallery-1 is-layout-flex wp-block-gallery-is-layout-flex\">\n<figure class=\"wp-block-image size-large\"><img loading=\"lazy\" decoding=\"async\" width=\"1024\" height=\"568\" data-id=\"1936\" src=\"https:\/\/anv-obererneckar.de\/wp-content\/uploads\/2023\/01\/Truesche_R_Berg-1038x576-1-1024x568.jpg\" alt=\"\" class=\"wp-image-1936\" srcset=\"https:\/\/anv-obererneckar.de\/wp-content\/uploads\/2023\/01\/Truesche_R_Berg-1038x576-1-1024x568.jpg 1024w, https:\/\/anv-obererneckar.de\/wp-content\/uploads\/2023\/01\/Truesche_R_Berg-1038x576-1-300x166.jpg 300w, https:\/\/anv-obererneckar.de\/wp-content\/uploads\/2023\/01\/Truesche_R_Berg-1038x576-1-768x426.jpg 768w, https:\/\/anv-obererneckar.de\/wp-content\/uploads\/2023\/01\/Truesche_R_Berg-1038x576-1.jpg 1038w\" sizes=\"auto, (max-width: 1024px) 100vw, 1024px\" \/><figcaption class=\"wp-element-caption\">Tr\u00fcsche \/ Quappe<\/figcaption><\/figure>\n<\/figure>\n\n\n\n<p>Die Quappe (Lota Iota) ist ein Knochenfisch aus der Familie der Quappen (Lotidae) und ist der einzige Fisch aus der Ordnung der Dorschartigen, der ausschlie\u00dflich im S\u00fc\u00dfwasser vorkommt.<\/p>\n\n\n\n<h2 class=\"wp-block-heading\">Rote Listen und Artenverzeichnisse BW<\/h2>\n\n\n\n<div class=\"wp-block-media-text is-stacked-on-mobile is-vertically-aligned-center\" style=\"grid-template-columns:16% auto\"><figure class=\"wp-block-media-text__media\"><img loading=\"lazy\" decoding=\"async\" width=\"220\" height=\"152\" src=\"https:\/\/anv-obererneckar.de\/wp-content\/uploads\/2022\/06\/Truesche_Zuerichsee.jpg\" alt=\"\" class=\"wp-image-1695 size-full\"\/><\/figure><div class=\"wp-block-media-text__content\">\n<p class=\"has-medium-font-size\">Die einheimische Quappe (gerne auch Tr\u00fcsche genannt) ist in der Rote Liste Baden-W\u00fcrttembergs als <strong>stark gef\u00e4hrdet <\/strong>aufgef\u00fchrt&nbsp; (Kategorie 2 von 3). Die Best\u00e4nde sind stark dezimiert und in Gefahr. In einigen Bundesl\u00e4nder gilt sie sogar als ausgestorben bzw. verschollen.<\/p>\n\n\n\n<p class=\"has-small-font-size\">Quelle: Baer, J., Blank, S., Chucholl, Ch., Du\u00dfling, U.&nbsp;&amp; Brinker A. (2014): Die Rote Liste f\u00fcr Baden-W\u00fcrttembergs Fische, Neunaugen und Flu\u00dfkrebse &#8211; Ministerium f\u00fcr L\u00e4ndlichen Raum und Verbraucherschutz Baden-W\u00fcrttmberg, Stuttgart, 64 S.<\/p>\n<\/div><\/div>\n\n\n\n<h2 class=\"wp-block-heading\">Empfindliche Embryonen<\/h2>\n\n\n\n<div class=\"wp-block-media-text is-stacked-on-mobile\" style=\"grid-template-columns:15% auto\"><figure class=\"wp-block-media-text__media\"><img loading=\"lazy\" decoding=\"async\" width=\"220\" height=\"157\" src=\"https:\/\/anv-obererneckar.de\/wp-content\/uploads\/2022\/06\/220px-LotaLotaEggsEyes.jpg\" alt=\"\" class=\"wp-image-1696 size-full\"\/><\/figure><div class=\"wp-block-media-text__content\">\n<p class=\"has-medium-font-size\">Durch die Auswirkungen des Klimawandels gibt es <strong>immer weniger k\u00fchle R\u00fcckzugsorte<\/strong> f\u00fcr Quappen. F\u00fcr die Entwicklung der sehr empfindlichen Embryonen ist eine <strong>Temperatur von 2-6\u00b0C erforderlich<\/strong>. Daher ist unser Neckar mit vielen kleinen Nebenfl\u00fcssen in unserer Region (wie Schlichem, Bendelbach, Schenkenbach, uvm.) ein optimaler Laichplatz, was wir sch\u00fctzen und f\u00f6rdern wollen.<\/p>\n<\/div><\/div>\n\n\n\n<h2 class=\"wp-block-heading\">Unser Beitrag<\/h2>\n\n\n\n<div class=\"wp-block-media-text is-stacked-on-mobile\" style=\"grid-template-columns:15% auto\"><figure class=\"wp-block-media-text__media\"><img decoding=\"async\" src=\"https:\/\/anv-obererneckar.de\/wp-content\/uploads\/2022\/02\/IMG-20220220-WA0011-769x1024.jpg\" alt=\"\" class=\"wp-image-1594 size-full\"\/><\/figure><div class=\"wp-block-media-text__content\">\n<p class=\"has-medium-font-size\">Wir, als Angel\u2013 und Naturschutzverein Oberer Neckar e.V., setzen uns f\u00fcr <strong>Wiederansiedlung der Quappe <\/strong>ein. Nicht nur durch <strong>zus\u00e4tzlichen Besatz<\/strong>, sondern auch noch durch den <strong>Erhalt und Ausbau des naturnahen Gew\u00e4sserzustandes <\/strong>aber auch Pflege der <strong>Fischtreppe <\/strong>und Unterst\u00fctzung bei R\u00fcckbau von Hindernissen im Neckar.<\/p>\n<\/div><\/div>\n\n\n\n<p><strong>Quellen:<\/strong><\/p>\n\n\n\n<ul class=\"wp-block-list\">\n<li>Info f\u00fcr Tr\u00fcsche &#8211; <a href=\"https:\/\/www.youtube.com\/watch?v=xIAQYyzK-FI\" data-type=\"URL\" data-id=\"https:\/\/www.youtube.com\/watch?v=xIAQYyzK-FI\" target=\"_blank\" rel=\"noreferrer noopener\">YouTube<\/a><\/li>\n\n\n\n<li>Aquakultur der Tr\u00fcsche &#8211; <a href=\"https:\/\/www.youtube.com\/watch?v=mxB7-raIgNk\" data-type=\"URL\" data-id=\"https:\/\/www.youtube.com\/watch?v=mxB7-raIgNk\" target=\"_blank\" rel=\"noreferrer noopener\">YouTube<\/a><\/li>\n\n\n\n<li>Landesfischereiverband Baden-W\u00fcrttemberg e.V. (https:\/\/lfvbw.de\/naturschutz-2\/artenschutzprojekte\/quappe\/)<\/li>\n\n\n\n<li>PisciPage (https:\/\/www.pivi.de\/arten\/fische\/dorschartige\/truesche-quappe\/)<\/li>\n\n\n\n<li>Baer, J. et al. (2014): Die Rote Liste f\u00fcr Baden-W\u00fcrttembergs Fische, Neunaugen und Flu\u00dfkrebse &#8211; Ministerium f\u00fcr L\u00e4ndlichen Raum und Verbraucherschutz Baden-W\u00fcrttmberg, Stuttgart, 64 S. (https:\/\/www.lubw.baden-wuerttemberg.de\/natur-und-landschaft\/rote-listen)<\/li>\n\n\n\n<li>Wikipedia\u2014freie Enzyklop\u00e4die<\/li>\n<\/ul>\n\n\n\n<h2 class=\"wp-block-heading\">Projektpate 2023 &#8211; EDEKA Fauser aus Sulz a.N.<\/h2>\n\n\n\n<p>Herzlichen Dank f\u00fcr die Unterst\u00fctzung, auch im Namen aller Mitglieder!<\/p>\n\n\n\n<figure class=\"wp-block-gallery has-nested-images columns-default is-cropped wp-block-gallery-2 is-layout-flex wp-block-gallery-is-layout-flex\">\n<figure data-wp-context=\"{&quot;imageId&quot;:&quot;69f8a3cbb5ef2&quot;}\" data-wp-interactive=\"core\/image\" data-wp-key=\"69f8a3cbb5ef2\" class=\"wp-block-image size-large wp-lightbox-container\"><img loading=\"lazy\" decoding=\"async\" width=\"1024\" height=\"683\" data-wp-class--hide=\"state.isContentHidden\" data-wp-class--show=\"state.isContentVisible\" data-wp-init=\"callbacks.setButtonStyles\" data-wp-on--click=\"actions.showLightbox\" data-wp-on--load=\"callbacks.setButtonStyles\" data-wp-on-window--resize=\"callbacks.setButtonStyles\" data-id=\"2414\" src=\"https:\/\/anv-obererneckar.de\/wp-content\/uploads\/2023\/11\/IMG_5447-scaled-1024x683.jpg\" alt=\"\" class=\"wp-image-2414\" srcset=\"https:\/\/anv-obererneckar.de\/wp-content\/uploads\/2023\/11\/IMG_5447-scaled-1024x683.jpg 1024w, https:\/\/anv-obererneckar.de\/wp-content\/uploads\/2023\/11\/IMG_5447-scaled-300x200.jpg 300w, https:\/\/anv-obererneckar.de\/wp-content\/uploads\/2023\/11\/IMG_5447-scaled-768x512.jpg 768w, https:\/\/anv-obererneckar.de\/wp-content\/uploads\/2023\/11\/IMG_5447-scaled-1536x1024.jpg 1536w, https:\/\/anv-obererneckar.de\/wp-content\/uploads\/2023\/11\/IMG_5447-scaled-2048x1366.jpg 2048w, https:\/\/anv-obererneckar.de\/wp-content\/uploads\/2023\/11\/IMG_5447-scaled-930x620.jpg 930w\" sizes=\"auto, (max-width: 1024px) 100vw, 1024px\" \/><button\n\t\t\tclass=\"lightbox-trigger\"\n\t\t\ttype=\"button\"\n\t\t\taria-haspopup=\"dialog\"\n\t\t\taria-label=\"Vergr\u00f6\u00dfern\"\n\t\t\tdata-wp-init=\"callbacks.initTriggerButton\"\n\t\t\tdata-wp-on--click=\"actions.showLightbox\"\n\t\t\tdata-wp-style--right=\"state.imageButtonRight\"\n\t\t\tdata-wp-style--top=\"state.imageButtonTop\"\n\t\t>\n\t\t\t<svg xmlns=\"http:\/\/www.w3.org\/2000\/svg\" width=\"12\" height=\"12\" fill=\"none\" viewBox=\"0 0 12 12\">\n\t\t\t\t<path fill=\"#fff\" d=\"M2 0a2 2 0 0 0-2 2v2h1.5V2a.5.5 0 0 1 .5-.5h2V0H2Zm2 10.5H2a.5.5 0 0 1-.5-.5V8H0v2a2 2 0 0 0 2 2h2v-1.5ZM8 12v-1.5h2a.5.5 0 0 0 .5-.5V8H12v2a2 2 0 0 1-2 2H8Zm2-12a2 2 0 0 1 2 2v2h-1.5V2a.5.5 0 0 0-.5-.5H8V0h2Z\" \/>\n\t\t\t<\/svg>\n\t\t<\/button><\/figure>\n\n\n\n<figure data-wp-context=\"{&quot;imageId&quot;:&quot;69f8a3cbb6516&quot;}\" data-wp-interactive=\"core\/image\" data-wp-key=\"69f8a3cbb6516\" class=\"wp-block-image size-large wp-lightbox-container\"><img loading=\"lazy\" decoding=\"async\" width=\"1024\" height=\"706\" data-wp-class--hide=\"state.isContentHidden\" data-wp-class--show=\"state.isContentVisible\" data-wp-init=\"callbacks.setButtonStyles\" data-wp-on--click=\"actions.showLightbox\" data-wp-on--load=\"callbacks.setButtonStyles\" data-wp-on-window--resize=\"callbacks.setButtonStyles\" data-id=\"2416\" src=\"https:\/\/anv-obererneckar.de\/wp-content\/uploads\/2023\/11\/20230615_142552-scaled-e1700405202575-1024x706.jpg\" alt=\"\" class=\"wp-image-2416\" srcset=\"https:\/\/anv-obererneckar.de\/wp-content\/uploads\/2023\/11\/20230615_142552-scaled-e1700405202575-1024x706.jpg 1024w, https:\/\/anv-obererneckar.de\/wp-content\/uploads\/2023\/11\/20230615_142552-scaled-e1700405202575-300x207.jpg 300w, https:\/\/anv-obererneckar.de\/wp-content\/uploads\/2023\/11\/20230615_142552-scaled-e1700405202575-768x529.jpg 768w, https:\/\/anv-obererneckar.de\/wp-content\/uploads\/2023\/11\/20230615_142552-scaled-e1700405202575-1536x1059.jpg 1536w, https:\/\/anv-obererneckar.de\/wp-content\/uploads\/2023\/11\/20230615_142552-scaled-e1700405202575-2048x1412.jpg 2048w\" sizes=\"auto, (max-width: 1024px) 100vw, 1024px\" \/><button\n\t\t\tclass=\"lightbox-trigger\"\n\t\t\ttype=\"button\"\n\t\t\taria-haspopup=\"dialog\"\n\t\t\taria-label=\"Vergr\u00f6\u00dfern\"\n\t\t\tdata-wp-init=\"callbacks.initTriggerButton\"\n\t\t\tdata-wp-on--click=\"actions.showLightbox\"\n\t\t\tdata-wp-style--right=\"state.imageButtonRight\"\n\t\t\tdata-wp-style--top=\"state.imageButtonTop\"\n\t\t>\n\t\t\t<svg xmlns=\"http:\/\/www.w3.org\/2000\/svg\" width=\"12\" height=\"12\" fill=\"none\" viewBox=\"0 0 12 12\">\n\t\t\t\t<path fill=\"#fff\" d=\"M2 0a2 2 0 0 0-2 2v2h1.5V2a.5.5 0 0 1 .5-.5h2V0H2Zm2 10.5H2a.5.5 0 0 1-.5-.5V8H0v2a2 2 0 0 0 2 2h2v-1.5ZM8 12v-1.5h2a.5.5 0 0 0 .5-.5V8H12v2a2 2 0 0 1-2 2H8Zm2-12a2 2 0 0 1 2 2v2h-1.5V2a.5.5 0 0 0-.5-.5H8V0h2Z\" \/>\n\t\t\t<\/svg>\n\t\t<\/button><\/figure>\n\n\n\n<figure data-wp-context=\"{&quot;imageId&quot;:&quot;69f8a3cbb6c66&quot;}\" data-wp-interactive=\"core\/image\" data-wp-key=\"69f8a3cbb6c66\" class=\"wp-block-image size-large wp-lightbox-container\"><img loading=\"lazy\" decoding=\"async\" width=\"1024\" height=\"683\" data-wp-class--hide=\"state.isContentHidden\" data-wp-class--show=\"state.isContentVisible\" data-wp-init=\"callbacks.setButtonStyles\" data-wp-on--click=\"actions.showLightbox\" data-wp-on--load=\"callbacks.setButtonStyles\" data-wp-on-window--resize=\"callbacks.setButtonStyles\" data-id=\"2415\" src=\"https:\/\/anv-obererneckar.de\/wp-content\/uploads\/2023\/11\/IMG_5444-scaled-1024x683.jpg\" alt=\"\" class=\"wp-image-2415\" srcset=\"https:\/\/anv-obererneckar.de\/wp-content\/uploads\/2023\/11\/IMG_5444-scaled-1024x683.jpg 1024w, https:\/\/anv-obererneckar.de\/wp-content\/uploads\/2023\/11\/IMG_5444-scaled-300x200.jpg 300w, https:\/\/anv-obererneckar.de\/wp-content\/uploads\/2023\/11\/IMG_5444-scaled-768x512.jpg 768w, https:\/\/anv-obererneckar.de\/wp-content\/uploads\/2023\/11\/IMG_5444-scaled-1536x1024.jpg 1536w, https:\/\/anv-obererneckar.de\/wp-content\/uploads\/2023\/11\/IMG_5444-scaled-2048x1366.jpg 2048w, https:\/\/anv-obererneckar.de\/wp-content\/uploads\/2023\/11\/IMG_5444-scaled-930x620.jpg 930w\" sizes=\"auto, (max-width: 1024px) 100vw, 1024px\" \/><button\n\t\t\tclass=\"lightbox-trigger\"\n\t\t\ttype=\"button\"\n\t\t\taria-haspopup=\"dialog\"\n\t\t\taria-label=\"Vergr\u00f6\u00dfern\"\n\t\t\tdata-wp-init=\"callbacks.initTriggerButton\"\n\t\t\tdata-wp-on--click=\"actions.showLightbox\"\n\t\t\tdata-wp-style--right=\"state.imageButtonRight\"\n\t\t\tdata-wp-style--top=\"state.imageButtonTop\"\n\t\t>\n\t\t\t<svg xmlns=\"http:\/\/www.w3.org\/2000\/svg\" width=\"12\" height=\"12\" fill=\"none\" viewBox=\"0 0 12 12\">\n\t\t\t\t<path fill=\"#fff\" d=\"M2 0a2 2 0 0 0-2 2v2h1.5V2a.5.5 0 0 1 .5-.5h2V0H2Zm2 10.5H2a.5.5 0 0 1-.5-.5V8H0v2a2 2 0 0 0 2 2h2v-1.5ZM8 12v-1.5h2a.5.5 0 0 0 .5-.5V8H12v2a2 2 0 0 1-2 2H8Zm2-12a2 2 0 0 1 2 2v2h-1.5V2a.5.5 0 0 0-.5-.5H8V0h2Z\" \/>\n\t\t\t<\/svg>\n\t\t<\/button><\/figure>\n<\/figure>\n\n\n\n<p><\/p>\n","protected":false},"excerpt":{"rendered":"<p>Rettung der Quappe in Zeiten des Klimawandels Fisch des Jahres 2002 Die Quappe (Lota Iota) ist ein Knochenfisch aus der Familie der Quappen (Lotidae) und ist der einzige Fisch aus der Ordnung der Dorschartigen, der ausschlie\u00dflich im S\u00fc\u00dfwasser vorkommt. Rote Listen und Artenverzeichnisse BW Die einheimische Quappe (gerne auch Tr\u00fcsche genannt) ist in der Rote&hellip;&nbsp;<a href=\"https:\/\/anv-obererneckar.de\/?page_id=1692\" rel=\"bookmark\">Weiterlesen &raquo;<span class=\"screen-reader-text\">Wiederansiedlung der Quappe<\/span><\/a><\/p>\n","protected":false},"author":2,"featured_media":0,"parent":0,"menu_order":0,"comment_status":"closed","ping_status":"closed","template":"","meta":{"neve_meta_sidebar":"full-width","neve_meta_container":"","neve_meta_enable_content_width":"on","neve_meta_content_width":100,"neve_meta_title_alignment":"","neve_meta_author_avatar":"","neve_post_elements_order":"","neve_meta_disable_header":"","neve_meta_disable_footer":"","neve_meta_disable_title":"","footnotes":""},"class_list":["post-1692","page","type-page","status-publish","hentry"],"_links":{"self":[{"href":"https:\/\/anv-obererneckar.de\/index.php?rest_route=\/wp\/v2\/pages\/1692","targetHints":{"allow":["GET"]}}],"collection":[{"href":"https:\/\/anv-obererneckar.de\/index.php?rest_route=\/wp\/v2\/pages"}],"about":[{"href":"https:\/\/anv-obererneckar.de\/index.php?rest_route=\/wp\/v2\/types\/page"}],"author":[{"embeddable":true,"href":"https:\/\/anv-obererneckar.de\/index.php?rest_route=\/wp\/v2\/users\/2"}],"replies":[{"embeddable":true,"href":"https:\/\/anv-obererneckar.de\/index.php?rest_route=%2Fwp%2Fv2%2Fcomments&post=1692"}],"version-history":[{"count":13,"href":"https:\/\/anv-obererneckar.de\/index.php?rest_route=\/wp\/v2\/pages\/1692\/revisions"}],"predecessor-version":[{"id":2425,"href":"https:\/\/anv-obererneckar.de\/index.php?rest_route=\/wp\/v2\/pages\/1692\/revisions\/2425"}],"wp:attachment":[{"href":"https:\/\/anv-obererneckar.de\/index.php?rest_route=%2Fwp%2Fv2%2Fmedia&parent=1692"}],"curies":[{"name":"wp","href":"https:\/\/api.w.org\/{rel}","templated":true}]}}