{"id":2393,"date":"2023-11-19T15:40:04","date_gmt":"2023-11-19T14:40:04","guid":{"rendered":"https:\/\/anv-obererneckar.de\/?page_id=2393"},"modified":"2023-11-21T17:53:12","modified_gmt":"2023-11-21T16:53:12","slug":"bestanderhaltung-der-bachforelle","status":"publish","type":"page","link":"https:\/\/anv-obererneckar.de\/?page_id=2393","title":{"rendered":"Bestanderhaltung der Bachforelle"},"content":{"rendered":"\n<div class=\"wp-block-media-text is-stacked-on-mobile\" style=\"grid-template-columns:20% auto\"><figure class=\"wp-block-media-text__media\"><img loading=\"lazy\" decoding=\"async\" width=\"768\" height=\"838\" src=\"https:\/\/anv-obererneckar.de\/wp-content\/uploads\/2023\/11\/IMG-20180131-WA0009-e1700402123533.jpg\" alt=\"\" class=\"wp-image-2394 size-full\" srcset=\"https:\/\/anv-obererneckar.de\/wp-content\/uploads\/2023\/11\/IMG-20180131-WA0009-e1700402123533.jpg 768w, https:\/\/anv-obererneckar.de\/wp-content\/uploads\/2023\/11\/IMG-20180131-WA0009-e1700402123533-275x300.jpg 275w\" sizes=\"auto, (max-width: 768px) 100vw, 768px\" \/><\/figure><div class=\"wp-block-media-text__content\">\n<p>Die Bachforelle ist durch Gew\u00e4ssererw\u00e4rmung stark gef\u00e4hrdet. <strong>Fehlende Laichm\u00f6glichkeiten, fehlende Jungfischhabitate sowie fehlende R\u00fcckzugsm\u00f6glichkeiten<\/strong> bei Hochwasser f\u00fchren dazu, dass die Brutlinge im Hauptgew\u00e4sser weggefressen werden, soweit diese bei Hochwasser nicht weggeschwemmt werden.<\/p>\n\n\n\n<p><strong>Fische aus Zuchtanlagen sind genetisch nicht an unseren Neckar angepasst.<\/strong> Wir als Mitglieder des Angel- und Naturschutzvereins sehen dies als eine unserer wichtigsten Aufgaben an, um f\u00fcr unsere Nachkommen einen <strong>nat\u00fcrlichen Fischbestand<\/strong> zu erhalten.<\/p>\n<\/div><\/div>\n\n\n\n<p><\/p>\n\n\n\n<h2 class=\"wp-block-heading\">2022<\/h2>\n\n\n\n<figure class=\"wp-block-gallery has-nested-images columns-default is-cropped wp-block-gallery-1 is-layout-flex wp-block-gallery-is-layout-flex\">\n<figure data-wp-context=\"{&quot;imageId&quot;:&quot;69e07fa4a5f10&quot;}\" data-wp-interactive=\"core\/image\" data-wp-key=\"69e07fa4a5f10\" class=\"wp-block-image size-large wp-lightbox-container\"><img loading=\"lazy\" decoding=\"async\" width=\"1024\" height=\"807\" data-wp-class--hide=\"state.isContentHidden\" data-wp-class--show=\"state.isContentVisible\" data-wp-init=\"callbacks.setButtonStyles\" data-wp-on--click=\"actions.showLightbox\" data-wp-on--load=\"callbacks.setButtonStyles\" data-wp-on-window--resize=\"callbacks.setButtonStyles\" data-id=\"2398\" src=\"https:\/\/anv-obererneckar.de\/wp-content\/uploads\/2023\/11\/DSC_1050-scaled-e1700403154511-1024x807.jpg\" alt=\"\" class=\"wp-image-2398\" srcset=\"https:\/\/anv-obererneckar.de\/wp-content\/uploads\/2023\/11\/DSC_1050-scaled-e1700403154511-1024x807.jpg 1024w, https:\/\/anv-obererneckar.de\/wp-content\/uploads\/2023\/11\/DSC_1050-scaled-e1700403154511-300x236.jpg 300w, https:\/\/anv-obererneckar.de\/wp-content\/uploads\/2023\/11\/DSC_1050-scaled-e1700403154511-768x605.jpg 768w, https:\/\/anv-obererneckar.de\/wp-content\/uploads\/2023\/11\/DSC_1050-scaled-e1700403154511-1536x1210.jpg 1536w, https:\/\/anv-obererneckar.de\/wp-content\/uploads\/2023\/11\/DSC_1050-scaled-e1700403154511.jpg 1565w\" sizes=\"auto, (max-width: 1024px) 100vw, 1024px\" \/><button\n\t\t\tclass=\"lightbox-trigger\"\n\t\t\ttype=\"button\"\n\t\t\taria-haspopup=\"dialog\"\n\t\t\taria-label=\"Vergr\u00f6\u00dfern\"\n\t\t\tdata-wp-init=\"callbacks.initTriggerButton\"\n\t\t\tdata-wp-on--click=\"actions.showLightbox\"\n\t\t\tdata-wp-style--right=\"state.imageButtonRight\"\n\t\t\tdata-wp-style--top=\"state.imageButtonTop\"\n\t\t>\n\t\t\t<svg xmlns=\"http:\/\/www.w3.org\/2000\/svg\" width=\"12\" height=\"12\" fill=\"none\" viewBox=\"0 0 12 12\">\n\t\t\t\t<path fill=\"#fff\" d=\"M2 0a2 2 0 0 0-2 2v2h1.5V2a.5.5 0 0 1 .5-.5h2V0H2Zm2 10.5H2a.5.5 0 0 1-.5-.5V8H0v2a2 2 0 0 0 2 2h2v-1.5ZM8 12v-1.5h2a.5.5 0 0 0 .5-.5V8H12v2a2 2 0 0 1-2 2H8Zm2-12a2 2 0 0 1 2 2v2h-1.5V2a.5.5 0 0 0-.5-.5H8V0h2Z\" \/>\n\t\t\t<\/svg>\n\t\t<\/button><\/figure>\n\n\n\n<figure data-wp-context=\"{&quot;imageId&quot;:&quot;69e07fa4a65e5&quot;}\" data-wp-interactive=\"core\/image\" data-wp-key=\"69e07fa4a65e5\" class=\"wp-block-image size-large wp-lightbox-container\"><img loading=\"lazy\" decoding=\"async\" width=\"1024\" height=\"463\" data-wp-class--hide=\"state.isContentHidden\" data-wp-class--show=\"state.isContentVisible\" data-wp-init=\"callbacks.setButtonStyles\" data-wp-on--click=\"actions.showLightbox\" data-wp-on--load=\"callbacks.setButtonStyles\" data-wp-on-window--resize=\"callbacks.setButtonStyles\" data-id=\"2400\" src=\"https:\/\/anv-obererneckar.de\/wp-content\/uploads\/2023\/11\/DSC_1010-scaled-e1700403249576-1024x463.jpg\" alt=\"\" class=\"wp-image-2400\" srcset=\"https:\/\/anv-obererneckar.de\/wp-content\/uploads\/2023\/11\/DSC_1010-scaled-e1700403249576-1024x463.jpg 1024w, https:\/\/anv-obererneckar.de\/wp-content\/uploads\/2023\/11\/DSC_1010-scaled-e1700403249576-300x136.jpg 300w, https:\/\/anv-obererneckar.de\/wp-content\/uploads\/2023\/11\/DSC_1010-scaled-e1700403249576-768x347.jpg 768w, https:\/\/anv-obererneckar.de\/wp-content\/uploads\/2023\/11\/DSC_1010-scaled-e1700403249576.jpg 1463w\" sizes=\"auto, (max-width: 1024px) 100vw, 1024px\" \/><button\n\t\t\tclass=\"lightbox-trigger\"\n\t\t\ttype=\"button\"\n\t\t\taria-haspopup=\"dialog\"\n\t\t\taria-label=\"Vergr\u00f6\u00dfern\"\n\t\t\tdata-wp-init=\"callbacks.initTriggerButton\"\n\t\t\tdata-wp-on--click=\"actions.showLightbox\"\n\t\t\tdata-wp-style--right=\"state.imageButtonRight\"\n\t\t\tdata-wp-style--top=\"state.imageButtonTop\"\n\t\t>\n\t\t\t<svg xmlns=\"http:\/\/www.w3.org\/2000\/svg\" width=\"12\" height=\"12\" fill=\"none\" viewBox=\"0 0 12 12\">\n\t\t\t\t<path fill=\"#fff\" d=\"M2 0a2 2 0 0 0-2 2v2h1.5V2a.5.5 0 0 1 .5-.5h2V0H2Zm2 10.5H2a.5.5 0 0 1-.5-.5V8H0v2a2 2 0 0 0 2 2h2v-1.5ZM8 12v-1.5h2a.5.5 0 0 0 .5-.5V8H12v2a2 2 0 0 1-2 2H8Zm2-12a2 2 0 0 1 2 2v2h-1.5V2a.5.5 0 0 0-.5-.5H8V0h2Z\" \/>\n\t\t\t<\/svg>\n\t\t<\/button><\/figure>\n\n\n\n<figure data-wp-context=\"{&quot;imageId&quot;:&quot;69e07fa4a6c25&quot;}\" data-wp-interactive=\"core\/image\" data-wp-key=\"69e07fa4a6c25\" class=\"wp-block-image size-large wp-lightbox-container\"><img loading=\"lazy\" decoding=\"async\" width=\"841\" height=\"1024\" data-wp-class--hide=\"state.isContentHidden\" data-wp-class--show=\"state.isContentVisible\" data-wp-init=\"callbacks.setButtonStyles\" data-wp-on--click=\"actions.showLightbox\" data-wp-on--load=\"callbacks.setButtonStyles\" data-wp-on-window--resize=\"callbacks.setButtonStyles\" data-id=\"2401\" src=\"https:\/\/anv-obererneckar.de\/wp-content\/uploads\/2023\/11\/IMG-20230311-WA0003-Kopieren1-e1700403304806-841x1024.jpg\" alt=\"\" class=\"wp-image-2401\" srcset=\"https:\/\/anv-obererneckar.de\/wp-content\/uploads\/2023\/11\/IMG-20230311-WA0003-Kopieren1-e1700403304806-841x1024.jpg 841w, https:\/\/anv-obererneckar.de\/wp-content\/uploads\/2023\/11\/IMG-20230311-WA0003-Kopieren1-e1700403304806-246x300.jpg 246w, https:\/\/anv-obererneckar.de\/wp-content\/uploads\/2023\/11\/IMG-20230311-WA0003-Kopieren1-e1700403304806-768x935.jpg 768w, https:\/\/anv-obererneckar.de\/wp-content\/uploads\/2023\/11\/IMG-20230311-WA0003-Kopieren1-e1700403304806.jpg 1200w\" sizes=\"auto, (max-width: 841px) 100vw, 841px\" \/><button\n\t\t\tclass=\"lightbox-trigger\"\n\t\t\ttype=\"button\"\n\t\t\taria-haspopup=\"dialog\"\n\t\t\taria-label=\"Vergr\u00f6\u00dfern\"\n\t\t\tdata-wp-init=\"callbacks.initTriggerButton\"\n\t\t\tdata-wp-on--click=\"actions.showLightbox\"\n\t\t\tdata-wp-style--right=\"state.imageButtonRight\"\n\t\t\tdata-wp-style--top=\"state.imageButtonTop\"\n\t\t>\n\t\t\t<svg xmlns=\"http:\/\/www.w3.org\/2000\/svg\" width=\"12\" height=\"12\" fill=\"none\" viewBox=\"0 0 12 12\">\n\t\t\t\t<path fill=\"#fff\" d=\"M2 0a2 2 0 0 0-2 2v2h1.5V2a.5.5 0 0 1 .5-.5h2V0H2Zm2 10.5H2a.5.5 0 0 1-.5-.5V8H0v2a2 2 0 0 0 2 2h2v-1.5ZM8 12v-1.5h2a.5.5 0 0 0 .5-.5V8H12v2a2 2 0 0 1-2 2H8Zm2-12a2 2 0 0 1 2 2v2h-1.5V2a.5.5 0 0 0-.5-.5H8V0h2Z\" \/>\n\t\t\t<\/svg>\n\t\t<\/button><\/figure>\n\n\n\n<figure data-wp-context=\"{&quot;imageId&quot;:&quot;69e07fa4a71bb&quot;}\" data-wp-interactive=\"core\/image\" data-wp-key=\"69e07fa4a71bb\" class=\"wp-block-image size-large wp-lightbox-container\"><img loading=\"lazy\" decoding=\"async\" width=\"834\" height=\"1024\" data-wp-class--hide=\"state.isContentHidden\" data-wp-class--show=\"state.isContentVisible\" data-wp-init=\"callbacks.setButtonStyles\" data-wp-on--click=\"actions.showLightbox\" data-wp-on--load=\"callbacks.setButtonStyles\" data-wp-on-window--resize=\"callbacks.setButtonStyles\" data-id=\"2403\" src=\"https:\/\/anv-obererneckar.de\/wp-content\/uploads\/2023\/11\/IMG-20230311-WA0004-e1700403467305-834x1024.jpg\" alt=\"\" class=\"wp-image-2403\" srcset=\"https:\/\/anv-obererneckar.de\/wp-content\/uploads\/2023\/11\/IMG-20230311-WA0004-e1700403467305-834x1024.jpg 834w, https:\/\/anv-obererneckar.de\/wp-content\/uploads\/2023\/11\/IMG-20230311-WA0004-e1700403467305-244x300.jpg 244w, https:\/\/anv-obererneckar.de\/wp-content\/uploads\/2023\/11\/IMG-20230311-WA0004-e1700403467305-768x943.jpg 768w, https:\/\/anv-obererneckar.de\/wp-content\/uploads\/2023\/11\/IMG-20230311-WA0004-e1700403467305.jpg 1200w\" sizes=\"auto, (max-width: 834px) 100vw, 834px\" \/><button\n\t\t\tclass=\"lightbox-trigger\"\n\t\t\ttype=\"button\"\n\t\t\taria-haspopup=\"dialog\"\n\t\t\taria-label=\"Vergr\u00f6\u00dfern\"\n\t\t\tdata-wp-init=\"callbacks.initTriggerButton\"\n\t\t\tdata-wp-on--click=\"actions.showLightbox\"\n\t\t\tdata-wp-style--right=\"state.imageButtonRight\"\n\t\t\tdata-wp-style--top=\"state.imageButtonTop\"\n\t\t>\n\t\t\t<svg xmlns=\"http:\/\/www.w3.org\/2000\/svg\" width=\"12\" height=\"12\" fill=\"none\" viewBox=\"0 0 12 12\">\n\t\t\t\t<path fill=\"#fff\" d=\"M2 0a2 2 0 0 0-2 2v2h1.5V2a.5.5 0 0 1 .5-.5h2V0H2Zm2 10.5H2a.5.5 0 0 1-.5-.5V8H0v2a2 2 0 0 0 2 2h2v-1.5ZM8 12v-1.5h2a.5.5 0 0 0 .5-.5V8H12v2a2 2 0 0 1-2 2H8Zm2-12a2 2 0 0 1 2 2v2h-1.5V2a.5.5 0 0 0-.5-.5H8V0h2Z\" \/>\n\t\t\t<\/svg>\n\t\t<\/button><\/figure>\n\n\n\n<figure data-wp-context=\"{&quot;imageId&quot;:&quot;69e07fa4a771c&quot;}\" data-wp-interactive=\"core\/image\" data-wp-key=\"69e07fa4a771c\" class=\"wp-block-image size-large wp-lightbox-container\"><img loading=\"lazy\" decoding=\"async\" width=\"769\" height=\"1024\" data-wp-class--hide=\"state.isContentHidden\" data-wp-class--show=\"state.isContentVisible\" data-wp-init=\"callbacks.setButtonStyles\" data-wp-on--click=\"actions.showLightbox\" data-wp-on--load=\"callbacks.setButtonStyles\" data-wp-on-window--resize=\"callbacks.setButtonStyles\" data-id=\"2404\" src=\"https:\/\/anv-obererneckar.de\/wp-content\/uploads\/2023\/11\/IMG-20230323-WA0005-769x1024.jpg\" alt=\"\" class=\"wp-image-2404\" srcset=\"https:\/\/anv-obererneckar.de\/wp-content\/uploads\/2023\/11\/IMG-20230323-WA0005-769x1024.jpg 769w, https:\/\/anv-obererneckar.de\/wp-content\/uploads\/2023\/11\/IMG-20230323-WA0005-225x300.jpg 225w, https:\/\/anv-obererneckar.de\/wp-content\/uploads\/2023\/11\/IMG-20230323-WA0005-768x1023.jpg 768w, https:\/\/anv-obererneckar.de\/wp-content\/uploads\/2023\/11\/IMG-20230323-WA0005-1153x1536.jpg 1153w, https:\/\/anv-obererneckar.de\/wp-content\/uploads\/2023\/11\/IMG-20230323-WA0005.jpg 1537w\" sizes=\"auto, (max-width: 769px) 100vw, 769px\" \/><button\n\t\t\tclass=\"lightbox-trigger\"\n\t\t\ttype=\"button\"\n\t\t\taria-haspopup=\"dialog\"\n\t\t\taria-label=\"Vergr\u00f6\u00dfern\"\n\t\t\tdata-wp-init=\"callbacks.initTriggerButton\"\n\t\t\tdata-wp-on--click=\"actions.showLightbox\"\n\t\t\tdata-wp-style--right=\"state.imageButtonRight\"\n\t\t\tdata-wp-style--top=\"state.imageButtonTop\"\n\t\t>\n\t\t\t<svg xmlns=\"http:\/\/www.w3.org\/2000\/svg\" width=\"12\" height=\"12\" fill=\"none\" viewBox=\"0 0 12 12\">\n\t\t\t\t<path fill=\"#fff\" d=\"M2 0a2 2 0 0 0-2 2v2h1.5V2a.5.5 0 0 1 .5-.5h2V0H2Zm2 10.5H2a.5.5 0 0 1-.5-.5V8H0v2a2 2 0 0 0 2 2h2v-1.5ZM8 12v-1.5h2a.5.5 0 0 0 .5-.5V8H12v2a2 2 0 0 1-2 2H8Zm2-12a2 2 0 0 1 2 2v2h-1.5V2a.5.5 0 0 0-.5-.5H8V0h2Z\" \/>\n\t\t\t<\/svg>\n\t\t<\/button><\/figure>\n<\/figure>\n\n\n\n<p><\/p>\n\n\n\n<h2 class=\"wp-block-heading\">Projektpaten \/-unterst\u00fctzer<\/h2>\n\n\n\n<details class=\"wp-block-details is-layout-flow wp-block-details-is-layout-flow\"><summary>Details<\/summary>\n<p>&#8230; werden gesucht. Konzeptdetails bitte beim Vorstand anfragen. Danke.<\/p>\n<\/details>\n","protected":false},"excerpt":{"rendered":"<p>Die Bachforelle ist durch Gew\u00e4ssererw\u00e4rmung stark gef\u00e4hrdet. Fehlende Laichm\u00f6glichkeiten, fehlende Jungfischhabitate sowie fehlende R\u00fcckzugsm\u00f6glichkeiten bei Hochwasser f\u00fchren dazu, dass die Brutlinge im Hauptgew\u00e4sser weggefressen werden, soweit diese bei Hochwasser nicht weggeschwemmt werden. Fische aus Zuchtanlagen sind genetisch nicht an unseren Neckar angepasst. Wir als Mitglieder des Angel- und Naturschutzvereins sehen dies als eine unserer wichtigsten&hellip;&nbsp;<a href=\"https:\/\/anv-obererneckar.de\/?page_id=2393\" rel=\"bookmark\">Weiterlesen &raquo;<span class=\"screen-reader-text\">Bestanderhaltung der Bachforelle<\/span><\/a><\/p>\n","protected":false},"author":2,"featured_media":0,"parent":0,"menu_order":0,"comment_status":"closed","ping_status":"closed","template":"","meta":{"neve_meta_sidebar":"","neve_meta_container":"","neve_meta_enable_content_width":"","neve_meta_content_width":0,"neve_meta_title_alignment":"","neve_meta_author_avatar":"","neve_post_elements_order":"","neve_meta_disable_header":"","neve_meta_disable_footer":"","neve_meta_disable_title":"","footnotes":""},"class_list":["post-2393","page","type-page","status-publish","hentry"],"_links":{"self":[{"href":"https:\/\/anv-obererneckar.de\/index.php?rest_route=\/wp\/v2\/pages\/2393","targetHints":{"allow":["GET"]}}],"collection":[{"href":"https:\/\/anv-obererneckar.de\/index.php?rest_route=\/wp\/v2\/pages"}],"about":[{"href":"https:\/\/anv-obererneckar.de\/index.php?rest_route=\/wp\/v2\/types\/page"}],"author":[{"embeddable":true,"href":"https:\/\/anv-obererneckar.de\/index.php?rest_route=\/wp\/v2\/users\/2"}],"replies":[{"embeddable":true,"href":"https:\/\/anv-obererneckar.de\/index.php?rest_route=%2Fwp%2Fv2%2Fcomments&post=2393"}],"version-history":[{"count":11,"href":"https:\/\/anv-obererneckar.de\/index.php?rest_route=\/wp\/v2\/pages\/2393\/revisions"}],"predecessor-version":[{"id":2423,"href":"https:\/\/anv-obererneckar.de\/index.php?rest_route=\/wp\/v2\/pages\/2393\/revisions\/2423"}],"wp:attachment":[{"href":"https:\/\/anv-obererneckar.de\/index.php?rest_route=%2Fwp%2Fv2%2Fmedia&parent=2393"}],"curies":[{"name":"wp","href":"https:\/\/api.w.org\/{rel}","templated":true}]}}