{"id":2536,"date":"2024-04-22T13:02:36","date_gmt":"2024-04-22T11:02:36","guid":{"rendered":"https:\/\/anv-obererneckar.de\/?page_id=2536"},"modified":"2024-04-22T13:02:37","modified_gmt":"2024-04-22T11:02:37","slug":"insektenhotel","status":"publish","type":"page","link":"https:\/\/anv-obererneckar.de\/?page_id=2536","title":{"rendered":"Insektenhotel"},"content":{"rendered":"\n<p>Insektenhotels sind eine gro\u00dfartige M\u00f6glichkeit, um das Bewusstsein f\u00fcr den R\u00fcckgang der Insektenpopulationen zu sch\u00e4rfen und gleichzeitig einen praktischen Beitrag zum Naturschutz zu leisten. Diese kleinen Strukturen bieten Insekten wie Bienen, K\u00e4fern und Schmetterlingen einen gesch\u00fctzten Lebensraum, in dem sie nisten und \u00fcberwintern k\u00f6nnen. Mit relativ geringem Aufwand k\u00f6nnen wir viel f\u00fcr die Umwelt tun, indem wir solche Hotels bauen oder sogar einfach bereits vorhandene Strukturen wie Holzstapel und Totholzhaufen in unseren G\u00e4rten belassen. Es ist erstaunlich, wie solche einfachen Ma\u00dfnahmen dazu beitragen k\u00f6nnen, die Artenvielfalt zu erhalten und das \u00d6kosystem im Gleichgewicht zu halten.<\/p>\n\n\n\n<figure class=\"wp-block-gallery has-nested-images columns-default is-cropped wp-block-gallery-1 is-layout-flex wp-block-gallery-is-layout-flex\">\n<figure class=\"wp-block-image size-large\"><img decoding=\"async\" data-id=\"2553\" src=\"https:\/\/anv-obererneckar.de\/wp-content\/uploads\/2024\/04\/DSC_2043-768x1024.jpg\" alt=\"\" class=\"wp-image-2553\"\/><\/figure>\n\n\n\n<figure class=\"wp-block-image size-large\"><img decoding=\"async\" data-id=\"2555\" src=\"https:\/\/anv-obererneckar.de\/wp-content\/uploads\/2024\/04\/DSC_2039-768x1024.jpg\" alt=\"\" class=\"wp-image-2555\"\/><\/figure>\n\n\n\n<figure class=\"wp-block-image size-large\"><img decoding=\"async\" data-id=\"2554\" src=\"https:\/\/anv-obererneckar.de\/wp-content\/uploads\/2024\/04\/DSC_2038-768x1024.jpg\" alt=\"\" class=\"wp-image-2554\"\/><\/figure>\n<\/figure>\n\n\n\n<h2 class=\"wp-block-heading\">Workshop 2024<\/h2>\n\n\n\n<p>In diesj\u00e4hrigem Workshop wurden viele Fragen von unseren Experten Roland und Oliver beantwortet, die w\u00e4hrend des Baus des Insektenhotels alle Teilnehmer begleitet haben. \u00a0Nicht nur Auswahl der Materialien ist wichtig, sondern auch Struktur, unterschiedliche L\u00f6cher, geschliffene Kanten und Platzierung spielen eine gro\u00dfe Rolle, damit es von Insekten besiedelt werden kann. Solche Workshops sind nicht nur lehrreich, sondern auch eine wunderbare M\u00f6glichkeit, praktische F\u00e4higkeiten zu vermitteln und etwas Gutes f\u00fcr die Umwelt zu tun.\u00a0<\/p>\n\n\n\n<figure class=\"wp-block-gallery has-nested-images columns-default is-cropped wp-block-gallery-2 is-layout-flex wp-block-gallery-is-layout-flex\">\n<figure class=\"wp-block-image size-large\"><img decoding=\"async\" data-id=\"2552\" src=\"https:\/\/anv-obererneckar.de\/wp-content\/uploads\/2024\/04\/DSC_2041-768x1024.jpg\" alt=\"\" class=\"wp-image-2552\"\/><\/figure>\n\n\n\n<figure class=\"wp-block-image size-large\"><img decoding=\"async\" data-id=\"2513\" src=\"https:\/\/anv-obererneckar.de\/wp-content\/uploads\/2024\/04\/20240413_144750-473x1024.jpg\" alt=\"\" class=\"wp-image-2513\"\/><\/figure>\n\n\n\n<figure class=\"wp-block-image size-large\"><img decoding=\"async\" data-id=\"2541\" src=\"https:\/\/anv-obererneckar.de\/wp-content\/uploads\/2024\/04\/04_IMG-20240413-WA0001-1024x768.jpg\" alt=\"\" class=\"wp-image-2541\"\/><\/figure>\n\n\n\n<figure class=\"wp-block-image size-large\"><img decoding=\"async\" data-id=\"2548\" src=\"https:\/\/anv-obererneckar.de\/wp-content\/uploads\/2024\/04\/11_IMG-20240413-WA0000-1024x768.jpg\" alt=\"\" class=\"wp-image-2548\"\/><\/figure>\n\n\n\n<figure class=\"wp-block-image size-large\"><img decoding=\"async\" data-id=\"2545\" src=\"https:\/\/anv-obererneckar.de\/wp-content\/uploads\/2024\/04\/08_IMG-20240413-WA0008-1024x768.jpg\" alt=\"\" class=\"wp-image-2545\"\/><\/figure>\n\n\n\n<figure class=\"wp-block-image size-large\"><img decoding=\"async\" data-id=\"2542\" src=\"https:\/\/anv-obererneckar.de\/wp-content\/uploads\/2024\/04\/05_IMG-20240413-WA0005-768x1024.jpg\" alt=\"\" class=\"wp-image-2542\"\/><\/figure>\n\n\n\n<figure class=\"wp-block-image size-large\"><img decoding=\"async\" data-id=\"2526\" src=\"https:\/\/anv-obererneckar.de\/wp-content\/uploads\/2024\/04\/20240413_154828-473x1024.jpg\" alt=\"\" class=\"wp-image-2526\"\/><\/figure>\n\n\n\n<figure class=\"wp-block-image size-large\"><img decoding=\"async\" data-id=\"2517\" src=\"https:\/\/anv-obererneckar.de\/wp-content\/uploads\/2024\/04\/20240413_144830-473x1024.jpg\" alt=\"\" class=\"wp-image-2517\"\/><\/figure>\n<\/figure>\n","protected":false},"excerpt":{"rendered":"<p>Insektenhotels sind eine gro\u00dfartige M\u00f6glichkeit, um das Bewusstsein f\u00fcr den R\u00fcckgang der Insektenpopulationen zu sch\u00e4rfen und gleichzeitig einen praktischen Beitrag zum Naturschutz zu leisten. Diese kleinen Strukturen bieten Insekten wie Bienen, K\u00e4fern und Schmetterlingen einen gesch\u00fctzten Lebensraum, in dem sie nisten und \u00fcberwintern k\u00f6nnen. Mit relativ geringem Aufwand k\u00f6nnen wir viel f\u00fcr die Umwelt tun,&hellip;&nbsp;<a href=\"https:\/\/anv-obererneckar.de\/?page_id=2536\" rel=\"bookmark\">Weiterlesen &raquo;<span class=\"screen-reader-text\">Insektenhotel<\/span><\/a><\/p>\n","protected":false},"author":2,"featured_media":0,"parent":0,"menu_order":0,"comment_status":"closed","ping_status":"closed","template":"","meta":{"neve_meta_sidebar":"","neve_meta_container":"","neve_meta_enable_content_width":"","neve_meta_content_width":0,"neve_meta_title_alignment":"","neve_meta_author_avatar":"","neve_post_elements_order":"","neve_meta_disable_header":"","neve_meta_disable_footer":"","neve_meta_disable_title":"","footnotes":""},"class_list":["post-2536","page","type-page","status-publish","hentry"],"_links":{"self":[{"href":"https:\/\/anv-obererneckar.de\/index.php?rest_route=\/wp\/v2\/pages\/2536","targetHints":{"allow":["GET"]}}],"collection":[{"href":"https:\/\/anv-obererneckar.de\/index.php?rest_route=\/wp\/v2\/pages"}],"about":[{"href":"https:\/\/anv-obererneckar.de\/index.php?rest_route=\/wp\/v2\/types\/page"}],"author":[{"embeddable":true,"href":"https:\/\/anv-obererneckar.de\/index.php?rest_route=\/wp\/v2\/users\/2"}],"replies":[{"embeddable":true,"href":"https:\/\/anv-obererneckar.de\/index.php?rest_route=%2Fwp%2Fv2%2Fcomments&post=2536"}],"version-history":[{"count":3,"href":"https:\/\/anv-obererneckar.de\/index.php?rest_route=\/wp\/v2\/pages\/2536\/revisions"}],"predecessor-version":[{"id":2556,"href":"https:\/\/anv-obererneckar.de\/index.php?rest_route=\/wp\/v2\/pages\/2536\/revisions\/2556"}],"wp:attachment":[{"href":"https:\/\/anv-obererneckar.de\/index.php?rest_route=%2Fwp%2Fv2%2Fmedia&parent=2536"}],"curies":[{"name":"wp","href":"https:\/\/api.w.org\/{rel}","templated":true}]}}