{"id":37,"date":"2020-03-26T05:38:48","date_gmt":"2020-03-26T04:38:48","guid":{"rendered":"http:\/\/anv-obererneckar.de\/?page_id=37"},"modified":"2026-04-03T20:36:10","modified_gmt":"2026-04-03T18:36:10","slug":"home","status":"publish","type":"page","link":"https:\/\/anv-obererneckar.de\/","title":{"rendered":"Herzlich Willkommen auf unserer Internetseite!"},"content":{"rendered":"\n<div class=\"wp-block-group\"><div class=\"wp-block-group__inner-container is-layout-flow wp-block-group-is-layout-flow\">\n<h4>Wir sind ein Angel- und Naturschutzverein mit dem Sitz in Oberndorf a. N. und w\u00fcnschen Ihnen viel Freude auf unseren Seiten.<\/h4>\n<\/div><\/div>\n\n\n\n<div class=\"wp-block-group\"><div class=\"wp-block-group__inner-container is-layout-flow wp-block-group-is-layout-flow\">\n<div id=\"carouselExampleCaptions\" class=\"carousel slide\" data-ride=\"carousel\" data-interval=\"10000\">\n  <ol class=\"carousel-indicators\">\n    <li data-target=\"#carouselExampleCaptions\" data-slide-to=\"0\" class=\"active\"><\/li>\n    <li data-target=\"#carouselExampleCaptions\" data-slide-to=\"1\"><\/li>\n    <li data-target=\"#carouselExampleCaptions\" data-slide-to=\"2\"><\/li>\n    <li data-target=\"#carouselExampleCaptions\" data-slide-to=\"3\"><\/li>\n    <li data-target=\"#carouselExampleCaptions\" data-slide-to=\"4\"><\/li>\n  <\/ol>\n  <div class=\"carousel-inner\">\n    <div class=\"carousel-item active\">\n      <img decoding=\"async\" src=\"https:\/\/anv-obererneckar.de\/wp-content\/uploads\/2020\/11\/gewaesser.jpg\" class=\"d-block w-100\" alt=\"\">\n      <div class=\"carousel-caption d-none d-md-block\">\n        <h2>Unsere Gew\u00e4sser<\/h2>\n        <p><\/p><h3>Neckar von Talhausen bis Aistaig + weitere<\/h3><p><\/p>\n      <\/div>\n    <\/div>\n    <div class=\"carousel-item\">\n      <img decoding=\"async\" src=\"https:\/\/anv-obererneckar.de\/wp-content\/uploads\/2020\/11\/mitglieder.jpg\" class=\"d-block w-100\" alt=\"\">\n      <div class=\"carousel-caption d-none d-md-block\">\n        <h2>Unsere Mitglieder<\/h2>\n        <p><\/p><h3>72 Aktive, 4 Ehren, 8 Passive,<br>5 G\u00e4ste und 15 Jungangler<\/h3><p><\/p>\n      <\/div>\n    <\/div>\n    <div class=\"carousel-item\">\n      <img decoding=\"async\" src=\"https:\/\/anv-obererneckar.de\/wp-content\/uploads\/2020\/11\/projekte2.jpg\" class=\"d-block w-100\" alt=\"\">\n      <div class=\"carousel-caption d-none d-md-block\">\n        <h2>Unsere Projekte<\/h2>\n        <p><\/p><h3>alles rund um die Natur<\/h3><p><\/p>\n      <\/div>\n    <\/div>\n    <div class=\"carousel-item\">\n      <img decoding=\"async\" src=\"https:\/\/anv-obererneckar.de\/wp-content\/uploads\/2020\/11\/events2.jpg\" class=\"d-block w-100\" alt=\"\">\n      <div class=\"carousel-caption d-none d-md-block\">\n        <h2>Unsere Events<\/h2>\n        <p><\/p><h3>f\u00fcr gro\u00df und klein<\/h3><p><\/p>\n      <\/div>\n    <\/div>\n    <div class=\"carousel-item\">\n      <img decoding=\"async\" src=\"https:\/\/anv-obererneckar.de\/wp-content\/uploads\/2020\/11\/fischerfest2.jpg\" class=\"d-block w-100\" alt=\"\">\n      <div class=\"carousel-caption d-none d-md-block\">\n        <h2>Unser Fischerfest<\/h2>\n        <p><\/p><h3>1. Sonntag im Juli<\/h3><p><\/p>\n      <\/div>\n    <\/div>\n  <\/div>\n  <a class=\"carousel-control-prev\" href=\"#carouselExampleCaptions\" role=\"button\" data-slide=\"prev\">\n    <span class=\"carousel-control-prev-icon\" aria-hidden=\"true\"><\/span>\n    <span class=\"sr-only\">Previous<\/span>\n  <\/a>\n  <a class=\"carousel-control-next\" href=\"#carouselExampleCaptions\" role=\"button\" data-slide=\"next\">\n    <span class=\"carousel-control-next-icon\" aria-hidden=\"true\"><\/span>\n    <span class=\"sr-only\">Next<\/span>\n  <\/a>\n<\/div>\n<\/div><\/div>\n\n\n<ul class=\"wp-block-latest-posts__list is-grid columns-3 has-dates wp-block-latest-posts has-medium-font-size\"><li><div class=\"wp-block-latest-posts__featured-image\"><a href=\"https:\/\/anv-obererneckar.de\/?p=3726\" aria-label=\"Tag des Gew\u00e4ssers\"><img loading=\"lazy\" decoding=\"async\" width=\"150\" height=\"150\" src=\"https:\/\/anv-obererneckar.de\/wp-content\/uploads\/2026\/03\/IMG-20260321-WA0008-150x150.jpg\" class=\"attachment-thumbnail size-thumbnail wp-post-image\" alt=\"\" style=\"max-width:150px;max-height:150px;\" \/><\/a><\/div><a class=\"wp-block-latest-posts__post-title\" href=\"https:\/\/anv-obererneckar.de\/?p=3726\">Tag des Gew\u00e4ssers<\/a><time datetime=\"2026-03-21T15:29:32+01:00\" class=\"wp-block-latest-posts__post-date\">21\/03\/2026<\/time><div class=\"wp-block-latest-posts__post-excerpt\"><\/div><\/li>\n<li><div class=\"wp-block-latest-posts__featured-image\"><a href=\"https:\/\/anv-obererneckar.de\/?p=3701\" aria-label=\"Neuer R\u00e4ucherofen\"><img loading=\"lazy\" decoding=\"async\" width=\"150\" height=\"150\" src=\"https:\/\/anv-obererneckar.de\/wp-content\/uploads\/2026\/03\/IMG-20260310-WA0007-150x150.jpg\" class=\"attachment-thumbnail size-thumbnail wp-post-image\" alt=\"\" style=\"max-width:150px;max-height:150px;\" \/><\/a><\/div><a class=\"wp-block-latest-posts__post-title\" href=\"https:\/\/anv-obererneckar.de\/?p=3701\">Neuer R\u00e4ucherofen<\/a><time datetime=\"2026-03-20T15:20:44+01:00\" class=\"wp-block-latest-posts__post-date\">20\/03\/2026<\/time><div class=\"wp-block-latest-posts__post-excerpt\"><\/div><\/li>\n<li><div class=\"wp-block-latest-posts__featured-image\"><a href=\"https:\/\/anv-obererneckar.de\/?p=3673\" aria-label=\"Anangeln\"><img loading=\"lazy\" decoding=\"async\" width=\"150\" height=\"150\" src=\"https:\/\/anv-obererneckar.de\/wp-content\/uploads\/2026\/03\/20260315_165654-scaled-150x150.jpg\" class=\"attachment-thumbnail size-thumbnail wp-post-image\" alt=\"\" style=\"max-width:150px;max-height:150px;\" srcset=\"https:\/\/anv-obererneckar.de\/wp-content\/uploads\/2026\/03\/20260315_165654-scaled-150x150.jpg 150w, https:\/\/anv-obererneckar.de\/wp-content\/uploads\/2026\/03\/20260315_165654-scaled-300x300.jpg 300w, https:\/\/anv-obererneckar.de\/wp-content\/uploads\/2026\/03\/20260315_165654-scaled-1024x1024.jpg 1024w, https:\/\/anv-obererneckar.de\/wp-content\/uploads\/2026\/03\/20260315_165654-scaled-768x768.jpg 768w, https:\/\/anv-obererneckar.de\/wp-content\/uploads\/2026\/03\/20260315_165654-scaled-1536x1536.jpg 1536w, https:\/\/anv-obererneckar.de\/wp-content\/uploads\/2026\/03\/20260315_165654-scaled-2048x2048.jpg 2048w\" sizes=\"auto, (max-width: 150px) 100vw, 150px\" \/><\/a><\/div><a class=\"wp-block-latest-posts__post-title\" href=\"https:\/\/anv-obererneckar.de\/?p=3673\">Anangeln<\/a><time datetime=\"2026-03-15T17:29:06+01:00\" class=\"wp-block-latest-posts__post-date\">15\/03\/2026<\/time><div class=\"wp-block-latest-posts__post-excerpt\"><\/div><\/li>\n<li><div class=\"wp-block-latest-posts__featured-image\"><a href=\"https:\/\/anv-obererneckar.de\/?p=3667\" aria-label=\"Generalversammlung + Ehrungen\"><img loading=\"lazy\" decoding=\"async\" width=\"150\" height=\"150\" src=\"https:\/\/anv-obererneckar.de\/wp-content\/uploads\/2026\/03\/20260314_194917-scaled-150x150.jpg\" class=\"attachment-thumbnail size-thumbnail wp-post-image\" alt=\"\" style=\"max-width:150px;max-height:150px;\" srcset=\"https:\/\/anv-obererneckar.de\/wp-content\/uploads\/2026\/03\/20260314_194917-scaled-150x150.jpg 150w, https:\/\/anv-obererneckar.de\/wp-content\/uploads\/2026\/03\/20260314_194917-scaled-300x300.jpg 300w, https:\/\/anv-obererneckar.de\/wp-content\/uploads\/2026\/03\/20260314_194917-scaled-1024x1024.jpg 1024w, https:\/\/anv-obererneckar.de\/wp-content\/uploads\/2026\/03\/20260314_194917-scaled-768x768.jpg 768w, https:\/\/anv-obererneckar.de\/wp-content\/uploads\/2026\/03\/20260314_194917-scaled-1536x1536.jpg 1536w, https:\/\/anv-obererneckar.de\/wp-content\/uploads\/2026\/03\/20260314_194917-scaled-2048x2048.jpg 2048w\" sizes=\"auto, (max-width: 150px) 100vw, 150px\" \/><\/a><\/div><a class=\"wp-block-latest-posts__post-title\" href=\"https:\/\/anv-obererneckar.de\/?p=3667\">Generalversammlung + Ehrungen<\/a><time datetime=\"2026-03-14T17:23:07+01:00\" class=\"wp-block-latest-posts__post-date\">14\/03\/2026<\/time><div class=\"wp-block-latest-posts__post-excerpt\"><\/div><\/li>\n<li><div class=\"wp-block-latest-posts__featured-image\"><a href=\"https:\/\/anv-obererneckar.de\/?p=3619\" aria-label=\"Forellen abstreifen\"><img loading=\"lazy\" decoding=\"async\" width=\"150\" height=\"150\" src=\"https:\/\/anv-obererneckar.de\/wp-content\/uploads\/2025\/11\/IMG_6320-scaled-150x150.jpg\" class=\"attachment-thumbnail size-thumbnail wp-post-image\" alt=\"\" style=\"max-width:150px;max-height:150px;\" \/><\/a><\/div><a class=\"wp-block-latest-posts__post-title\" href=\"https:\/\/anv-obererneckar.de\/?p=3619\">Forellen abstreifen<\/a><time datetime=\"2025-11-20T09:18:00+01:00\" class=\"wp-block-latest-posts__post-date\">20\/11\/2025<\/time><div class=\"wp-block-latest-posts__post-excerpt\"><\/div><\/li>\n<li><div class=\"wp-block-latest-posts__featured-image\"><a href=\"https:\/\/anv-obererneckar.de\/?p=3598\" aria-label=\"E &#8211; Fischen in Talhausen\"><img loading=\"lazy\" decoding=\"async\" width=\"150\" height=\"150\" src=\"https:\/\/anv-obererneckar.de\/wp-content\/uploads\/2025\/11\/IMG_6244-scaled-150x150.jpg\" class=\"attachment-thumbnail size-thumbnail wp-post-image\" alt=\"\" style=\"max-width:150px;max-height:150px;\" \/><\/a><\/div><a class=\"wp-block-latest-posts__post-title\" href=\"https:\/\/anv-obererneckar.de\/?p=3598\">E &#8211; Fischen in Talhausen<\/a><time datetime=\"2025-11-15T09:47:03+01:00\" class=\"wp-block-latest-posts__post-date\">15\/11\/2025<\/time><div class=\"wp-block-latest-posts__post-excerpt\"><\/div><\/li>\n<li><div class=\"wp-block-latest-posts__featured-image\"><a href=\"https:\/\/anv-obererneckar.de\/?p=3573\" aria-label=\"Saisonabschlussfeier\"><img loading=\"lazy\" decoding=\"async\" width=\"150\" height=\"150\" src=\"https:\/\/anv-obererneckar.de\/wp-content\/uploads\/2025\/11\/IMG-20251110-WA0005-150x150.jpg\" class=\"attachment-thumbnail size-thumbnail wp-post-image\" alt=\"\" style=\"max-width:150px;max-height:150px;\" \/><\/a><\/div><a class=\"wp-block-latest-posts__post-title\" href=\"https:\/\/anv-obererneckar.de\/?p=3573\">Saisonabschlussfeier<\/a><time datetime=\"2025-11-08T09:35:49+01:00\" class=\"wp-block-latest-posts__post-date\">08\/11\/2025<\/time><div class=\"wp-block-latest-posts__post-excerpt\"><\/div><\/li>\n<li><div class=\"wp-block-latest-posts__featured-image\"><a href=\"https:\/\/anv-obererneckar.de\/?p=3563\" aria-label=\"Arbeitseinsatz am See\"><img loading=\"lazy\" decoding=\"async\" width=\"150\" height=\"150\" src=\"https:\/\/anv-obererneckar.de\/wp-content\/uploads\/2025\/11\/20251108_110351-scaled-150x150.jpg\" class=\"attachment-thumbnail size-thumbnail wp-post-image\" alt=\"\" style=\"max-width:150px;max-height:150px;\" \/><\/a><\/div><a class=\"wp-block-latest-posts__post-title\" href=\"https:\/\/anv-obererneckar.de\/?p=3563\">Arbeitseinsatz am See<\/a><time datetime=\"2025-11-08T09:28:38+01:00\" class=\"wp-block-latest-posts__post-date\">08\/11\/2025<\/time><div class=\"wp-block-latest-posts__post-excerpt\"><\/div><\/li>\n<li><div class=\"wp-block-latest-posts__featured-image\"><a href=\"https:\/\/anv-obererneckar.de\/?p=3548\" aria-label=\"Theoretischer Unterricht der Jugend\"><img loading=\"lazy\" decoding=\"async\" width=\"150\" height=\"150\" src=\"https:\/\/anv-obererneckar.de\/wp-content\/uploads\/2025\/11\/IMG-20251028-WA0002-150x150.jpg\" class=\"attachment-thumbnail size-thumbnail wp-post-image\" alt=\"\" style=\"max-width:150px;max-height:150px;\" \/><\/a><\/div><a class=\"wp-block-latest-posts__post-title\" href=\"https:\/\/anv-obererneckar.de\/?p=3548\">Theoretischer Unterricht der Jugend<\/a><time datetime=\"2025-10-27T08:20:50+01:00\" class=\"wp-block-latest-posts__post-date\">27\/10\/2025<\/time><div class=\"wp-block-latest-posts__post-excerpt\"><\/div><\/li>\n<li><div class=\"wp-block-latest-posts__featured-image\"><a href=\"https:\/\/anv-obererneckar.de\/?p=3541\" aria-label=\"Karpfenangeln mit der Jugend\"><img loading=\"lazy\" decoding=\"async\" width=\"150\" height=\"150\" src=\"https:\/\/anv-obererneckar.de\/wp-content\/uploads\/2025\/11\/IMG-20251019-WA0017-150x150.jpg\" class=\"attachment-thumbnail size-thumbnail wp-post-image\" alt=\"\" style=\"max-width:150px;max-height:150px;\" \/><\/a><\/div><a class=\"wp-block-latest-posts__post-title\" href=\"https:\/\/anv-obererneckar.de\/?p=3541\">Karpfenangeln mit der Jugend<\/a><time datetime=\"2025-10-19T08:13:18+02:00\" class=\"wp-block-latest-posts__post-date\">19\/10\/2025<\/time><div class=\"wp-block-latest-posts__post-excerpt\"><\/div><\/li>\n<li><div class=\"wp-block-latest-posts__featured-image\"><a href=\"https:\/\/anv-obererneckar.de\/?p=3522\" aria-label=\"Jugend beim anbringen von Biberschutz\"><img loading=\"lazy\" decoding=\"async\" width=\"150\" height=\"150\" src=\"https:\/\/anv-obererneckar.de\/wp-content\/uploads\/2025\/11\/IMG-20251019-WA0006-150x150.jpg\" class=\"attachment-thumbnail size-thumbnail wp-post-image\" alt=\"\" style=\"max-width:150px;max-height:150px;\" \/><\/a><\/div><a class=\"wp-block-latest-posts__post-title\" href=\"https:\/\/anv-obererneckar.de\/?p=3522\">Jugend beim anbringen von Biberschutz<\/a><time datetime=\"2025-10-18T07:53:18+02:00\" class=\"wp-block-latest-posts__post-date\">18\/10\/2025<\/time><div class=\"wp-block-latest-posts__post-excerpt\"><\/div><\/li>\n<li><div class=\"wp-block-latest-posts__featured-image\"><a href=\"https:\/\/anv-obererneckar.de\/?p=3505\" aria-label=\"Arbeitseinsatz am Hochm\u00f6ssinger Weiher\"><img loading=\"lazy\" decoding=\"async\" width=\"150\" height=\"150\" src=\"https:\/\/anv-obererneckar.de\/wp-content\/uploads\/2025\/10\/IMG-20251017-WA0000-150x150.jpg\" class=\"attachment-thumbnail size-thumbnail wp-post-image\" alt=\"\" style=\"max-width:150px;max-height:150px;\" \/><\/a><\/div><a class=\"wp-block-latest-posts__post-title\" href=\"https:\/\/anv-obererneckar.de\/?p=3505\">Arbeitseinsatz am Hochm\u00f6ssinger Weiher<\/a><time datetime=\"2025-10-17T15:47:08+02:00\" class=\"wp-block-latest-posts__post-date\">17\/10\/2025<\/time><div class=\"wp-block-latest-posts__post-excerpt\"><\/div><\/li>\n<\/ul>\n\n\n<p><\/p>\n","protected":false},"excerpt":{"rendered":"<p>Wir sind ein Angel- und Naturschutzverein mit dem Sitz in Oberndorf a. N. und w\u00fcnschen Ihnen viel Freude auf unseren Seiten. Unsere Gew\u00e4sser Neckar von Talhausen bis Aistaig + weitere Unsere Mitglieder 72 Aktive, 4 Ehren, 8 Passive,5 G\u00e4ste und 15 Jungangler Unsere Projekte alles rund um die Natur Unsere Events f\u00fcr gro\u00df und klein&hellip;&nbsp;<a href=\"https:\/\/anv-obererneckar.de\/\" rel=\"bookmark\">Weiterlesen &raquo;<span class=\"screen-reader-text\">Herzlich Willkommen auf unserer Internetseite!<\/span><\/a><\/p>\n","protected":false},"author":1,"featured_media":0,"parent":0,"menu_order":0,"comment_status":"closed","ping_status":"closed","template":"","meta":{"neve_meta_sidebar":"right","neve_meta_container":"full-width","neve_meta_enable_content_width":"off","neve_meta_content_width":70,"neve_meta_title_alignment":"left","neve_meta_author_avatar":"","neve_post_elements_order":"","neve_meta_disable_header":"","neve_meta_disable_footer":"","neve_meta_disable_title":"off","footnotes":""},"class_list":["post-37","page","type-page","status-publish","hentry"],"_links":{"self":[{"href":"https:\/\/anv-obererneckar.de\/index.php?rest_route=\/wp\/v2\/pages\/37","targetHints":{"allow":["GET"]}}],"collection":[{"href":"https:\/\/anv-obererneckar.de\/index.php?rest_route=\/wp\/v2\/pages"}],"about":[{"href":"https:\/\/anv-obererneckar.de\/index.php?rest_route=\/wp\/v2\/types\/page"}],"author":[{"embeddable":true,"href":"https:\/\/anv-obererneckar.de\/index.php?rest_route=\/wp\/v2\/users\/1"}],"replies":[{"embeddable":true,"href":"https:\/\/anv-obererneckar.de\/index.php?rest_route=%2Fwp%2Fv2%2Fcomments&post=37"}],"version-history":[{"count":148,"href":"https:\/\/anv-obererneckar.de\/index.php?rest_route=\/wp\/v2\/pages\/37\/revisions"}],"predecessor-version":[{"id":3737,"href":"https:\/\/anv-obererneckar.de\/index.php?rest_route=\/wp\/v2\/pages\/37\/revisions\/3737"}],"wp:attachment":[{"href":"https:\/\/anv-obererneckar.de\/index.php?rest_route=%2Fwp%2Fv2%2Fmedia&parent=37"}],"curies":[{"name":"wp","href":"https:\/\/api.w.org\/{rel}","templated":true}]}}