{"id":45,"date":"2020-03-26T06:45:01","date_gmt":"2020-03-26T06:45:01","guid":{"rendered":"http:\/\/anv-obererneckar.de\/?page_id=45"},"modified":"2024-02-29T16:37:38","modified_gmt":"2024-02-29T15:37:38","slug":"unsere-gewaesser","status":"publish","type":"page","link":"https:\/\/anv-obererneckar.de\/?page_id=45","title":{"rendered":"Unsere Gew\u00e4sser"},"content":{"rendered":"\n<p class=\"has-text-align-center\"><strong>Neckar<\/strong><\/p>\n\n\n\n<figure class=\"wp-block-gallery alignfull has-nested-images columns-default is-cropped wp-block-gallery-1 is-layout-flex wp-block-gallery-is-layout-flex\">\n<figure class=\"wp-block-image size-large\"><img loading=\"lazy\" decoding=\"async\" width=\"1024\" height=\"768\" data-id=\"196\" src=\"https:\/\/anv-obererneckar.de\/wp-content\/uploads\/2020\/03\/20120823_134738-3-1024x768.jpg\" alt=\"\" class=\"wp-image-196\" srcset=\"https:\/\/anv-obererneckar.de\/wp-content\/uploads\/2020\/03\/20120823_134738-3-1024x768.jpg 1024w, https:\/\/anv-obererneckar.de\/wp-content\/uploads\/2020\/03\/20120823_134738-3-300x225.jpg 300w, https:\/\/anv-obererneckar.de\/wp-content\/uploads\/2020\/03\/20120823_134738-3-768x576.jpg 768w, https:\/\/anv-obererneckar.de\/wp-content\/uploads\/2020\/03\/20120823_134738-3-1536x1152.jpg 1536w, https:\/\/anv-obererneckar.de\/wp-content\/uploads\/2020\/03\/20120823_134738-3-2048x1536.jpg 2048w\" sizes=\"auto, (max-width: 1024px) 100vw, 1024px\" \/><\/figure>\n\n\n\n<figure class=\"wp-block-image size-large\"><img loading=\"lazy\" decoding=\"async\" width=\"1024\" height=\"768\" data-id=\"197\" src=\"https:\/\/anv-obererneckar.de\/wp-content\/uploads\/2020\/03\/20120823_134935-3-1024x768.jpg\" alt=\"\" class=\"wp-image-197\" srcset=\"https:\/\/anv-obererneckar.de\/wp-content\/uploads\/2020\/03\/20120823_134935-3-1024x768.jpg 1024w, https:\/\/anv-obererneckar.de\/wp-content\/uploads\/2020\/03\/20120823_134935-3-300x225.jpg 300w, https:\/\/anv-obererneckar.de\/wp-content\/uploads\/2020\/03\/20120823_134935-3-768x576.jpg 768w, https:\/\/anv-obererneckar.de\/wp-content\/uploads\/2020\/03\/20120823_134935-3-1536x1152.jpg 1536w, https:\/\/anv-obererneckar.de\/wp-content\/uploads\/2020\/03\/20120823_134935-3-2048x1536.jpg 2048w\" sizes=\"auto, (max-width: 1024px) 100vw, 1024px\" \/><\/figure>\n\n\n\n<figure class=\"wp-block-image size-large\"><img loading=\"lazy\" decoding=\"async\" width=\"1024\" height=\"768\" data-id=\"198\" src=\"https:\/\/anv-obererneckar.de\/wp-content\/uploads\/2020\/03\/20120823_135230-3-1024x768.jpg\" alt=\"\" class=\"wp-image-198\" srcset=\"https:\/\/anv-obererneckar.de\/wp-content\/uploads\/2020\/03\/20120823_135230-3-1024x768.jpg 1024w, https:\/\/anv-obererneckar.de\/wp-content\/uploads\/2020\/03\/20120823_135230-3-300x225.jpg 300w, https:\/\/anv-obererneckar.de\/wp-content\/uploads\/2020\/03\/20120823_135230-3-768x576.jpg 768w, https:\/\/anv-obererneckar.de\/wp-content\/uploads\/2020\/03\/20120823_135230-3-1536x1152.jpg 1536w, https:\/\/anv-obererneckar.de\/wp-content\/uploads\/2020\/03\/20120823_135230-3-2048x1536.jpg 2048w\" sizes=\"auto, (max-width: 1024px) 100vw, 1024px\" \/><\/figure>\n<\/figure>\n\n\n\n<p class=\"has-text-align-center\"><strong>Unser See in Sulz &#8211; Str\u00fctwiesen<\/strong><\/p>\n\n\n\n<figure class=\"wp-block-gallery alignfull has-nested-images columns-default is-cropped wp-block-gallery-2 is-layout-flex wp-block-gallery-is-layout-flex\">\n<figure class=\"wp-block-image size-large\"><img loading=\"lazy\" decoding=\"async\" width=\"1024\" height=\"768\" data-id=\"49\" src=\"https:\/\/anv-obererneckar.de\/wp-content\/uploads\/2020\/03\/20120823_133149-1024x768.jpg\" alt=\"\" class=\"wp-image-49\" srcset=\"https:\/\/anv-obererneckar.de\/wp-content\/uploads\/2020\/03\/20120823_133149-1024x768.jpg 1024w, https:\/\/anv-obererneckar.de\/wp-content\/uploads\/2020\/03\/20120823_133149-300x225.jpg 300w, https:\/\/anv-obererneckar.de\/wp-content\/uploads\/2020\/03\/20120823_133149-768x576.jpg 768w, https:\/\/anv-obererneckar.de\/wp-content\/uploads\/2020\/03\/20120823_133149-1536x1152.jpg 1536w, https:\/\/anv-obererneckar.de\/wp-content\/uploads\/2020\/03\/20120823_133149-2048x1536.jpg 2048w\" sizes=\"auto, (max-width: 1024px) 100vw, 1024px\" \/><\/figure>\n\n\n\n<figure class=\"wp-block-image size-large\"><img loading=\"lazy\" decoding=\"async\" width=\"1024\" height=\"768\" data-id=\"50\" src=\"https:\/\/anv-obererneckar.de\/wp-content\/uploads\/2020\/03\/20120823_133258-1024x768.jpg\" alt=\"\" class=\"wp-image-50\" srcset=\"https:\/\/anv-obererneckar.de\/wp-content\/uploads\/2020\/03\/20120823_133258-1024x768.jpg 1024w, https:\/\/anv-obererneckar.de\/wp-content\/uploads\/2020\/03\/20120823_133258-300x225.jpg 300w, https:\/\/anv-obererneckar.de\/wp-content\/uploads\/2020\/03\/20120823_133258-768x576.jpg 768w, https:\/\/anv-obererneckar.de\/wp-content\/uploads\/2020\/03\/20120823_133258-1536x1152.jpg 1536w, https:\/\/anv-obererneckar.de\/wp-content\/uploads\/2020\/03\/20120823_133258-2048x1536.jpg 2048w\" sizes=\"auto, (max-width: 1024px) 100vw, 1024px\" \/><\/figure>\n\n\n\n<figure class=\"wp-block-image size-large\"><img loading=\"lazy\" decoding=\"async\" width=\"1024\" height=\"768\" data-id=\"51\" src=\"https:\/\/anv-obererneckar.de\/wp-content\/uploads\/2020\/03\/20120823_133429-1024x768.jpg\" alt=\"\" class=\"wp-image-51\" srcset=\"https:\/\/anv-obererneckar.de\/wp-content\/uploads\/2020\/03\/20120823_133429-1024x768.jpg 1024w, https:\/\/anv-obererneckar.de\/wp-content\/uploads\/2020\/03\/20120823_133429-300x225.jpg 300w, https:\/\/anv-obererneckar.de\/wp-content\/uploads\/2020\/03\/20120823_133429-768x576.jpg 768w, https:\/\/anv-obererneckar.de\/wp-content\/uploads\/2020\/03\/20120823_133429-1536x1152.jpg 1536w, https:\/\/anv-obererneckar.de\/wp-content\/uploads\/2020\/03\/20120823_133429-2048x1536.jpg 2048w\" sizes=\"auto, (max-width: 1024px) 100vw, 1024px\" \/><\/figure>\n<\/figure>\n\n\n\n<p class=\"has-text-align-center\"><strong>Die Schlichem<\/strong><\/p>\n\n\n\n<figure class=\"wp-block-gallery alignfull has-nested-images columns-default is-cropped wp-block-gallery-3 is-layout-flex wp-block-gallery-is-layout-flex\">\n<figure class=\"wp-block-image size-large\"><img loading=\"lazy\" decoding=\"async\" width=\"1024\" height=\"768\" data-id=\"52\" src=\"https:\/\/anv-obererneckar.de\/wp-content\/uploads\/2020\/03\/20121013_170731-1024x768.jpg\" alt=\"\" class=\"wp-image-52\" srcset=\"https:\/\/anv-obererneckar.de\/wp-content\/uploads\/2020\/03\/20121013_170731-1024x768.jpg 1024w, https:\/\/anv-obererneckar.de\/wp-content\/uploads\/2020\/03\/20121013_170731-300x225.jpg 300w, https:\/\/anv-obererneckar.de\/wp-content\/uploads\/2020\/03\/20121013_170731-768x576.jpg 768w, https:\/\/anv-obererneckar.de\/wp-content\/uploads\/2020\/03\/20121013_170731-1536x1152.jpg 1536w, https:\/\/anv-obererneckar.de\/wp-content\/uploads\/2020\/03\/20121013_170731-2048x1536.jpg 2048w\" sizes=\"auto, (max-width: 1024px) 100vw, 1024px\" \/><\/figure>\n\n\n\n<figure class=\"wp-block-image size-large\"><img loading=\"lazy\" decoding=\"async\" width=\"1024\" height=\"768\" data-id=\"53\" src=\"https:\/\/anv-obererneckar.de\/wp-content\/uploads\/2020\/03\/20121013_171118-1024x768.jpg\" alt=\"\" class=\"wp-image-53\" srcset=\"https:\/\/anv-obererneckar.de\/wp-content\/uploads\/2020\/03\/20121013_171118-1024x768.jpg 1024w, https:\/\/anv-obererneckar.de\/wp-content\/uploads\/2020\/03\/20121013_171118-300x225.jpg 300w, https:\/\/anv-obererneckar.de\/wp-content\/uploads\/2020\/03\/20121013_171118-768x576.jpg 768w, https:\/\/anv-obererneckar.de\/wp-content\/uploads\/2020\/03\/20121013_171118-1536x1152.jpg 1536w, https:\/\/anv-obererneckar.de\/wp-content\/uploads\/2020\/03\/20121013_171118-2048x1536.jpg 2048w\" sizes=\"auto, (max-width: 1024px) 100vw, 1024px\" \/><\/figure>\n\n\n\n<figure class=\"wp-block-image size-large\"><img loading=\"lazy\" decoding=\"async\" width=\"1024\" height=\"768\" data-id=\"54\" src=\"https:\/\/anv-obererneckar.de\/wp-content\/uploads\/2020\/03\/20121013_171440-1024x768.jpg\" alt=\"\" class=\"wp-image-54\" srcset=\"https:\/\/anv-obererneckar.de\/wp-content\/uploads\/2020\/03\/20121013_171440-1024x768.jpg 1024w, https:\/\/anv-obererneckar.de\/wp-content\/uploads\/2020\/03\/20121013_171440-300x225.jpg 300w, https:\/\/anv-obererneckar.de\/wp-content\/uploads\/2020\/03\/20121013_171440-768x576.jpg 768w, https:\/\/anv-obererneckar.de\/wp-content\/uploads\/2020\/03\/20121013_171440-1536x1152.jpg 1536w, https:\/\/anv-obererneckar.de\/wp-content\/uploads\/2020\/03\/20121013_171440-2048x1536.jpg 2048w\" sizes=\"auto, (max-width: 1024px) 100vw, 1024px\" \/><\/figure>\n<\/figure>\n\n\n\n<p class=\"has-text-align-center\"><strong>T\u00fcrnerbach ( F\u00fcrnsal )<\/strong><\/p>\n\n\n\n<figure class=\"wp-block-gallery alignfull has-nested-images columns-default is-cropped wp-block-gallery-4 is-layout-flex wp-block-gallery-is-layout-flex\">\n<figure class=\"wp-block-image size-large\"><img loading=\"lazy\" decoding=\"async\" width=\"1024\" height=\"768\" data-id=\"55\" src=\"https:\/\/anv-obererneckar.de\/wp-content\/uploads\/2020\/03\/20121014_103152-1024x768.jpg\" alt=\"\" class=\"wp-image-55\" srcset=\"https:\/\/anv-obererneckar.de\/wp-content\/uploads\/2020\/03\/20121014_103152-1024x768.jpg 1024w, https:\/\/anv-obererneckar.de\/wp-content\/uploads\/2020\/03\/20121014_103152-300x225.jpg 300w, https:\/\/anv-obererneckar.de\/wp-content\/uploads\/2020\/03\/20121014_103152-768x576.jpg 768w, https:\/\/anv-obererneckar.de\/wp-content\/uploads\/2020\/03\/20121014_103152-1536x1152.jpg 1536w, https:\/\/anv-obererneckar.de\/wp-content\/uploads\/2020\/03\/20121014_103152-2048x1536.jpg 2048w\" sizes=\"auto, (max-width: 1024px) 100vw, 1024px\" \/><\/figure>\n\n\n\n<figure class=\"wp-block-image size-large\"><img loading=\"lazy\" decoding=\"async\" width=\"1024\" height=\"768\" data-id=\"56\" src=\"https:\/\/anv-obererneckar.de\/wp-content\/uploads\/2020\/03\/20121014_103158-1024x768.jpg\" alt=\"\" class=\"wp-image-56\" srcset=\"https:\/\/anv-obererneckar.de\/wp-content\/uploads\/2020\/03\/20121014_103158-1024x768.jpg 1024w, https:\/\/anv-obererneckar.de\/wp-content\/uploads\/2020\/03\/20121014_103158-300x225.jpg 300w, https:\/\/anv-obererneckar.de\/wp-content\/uploads\/2020\/03\/20121014_103158-768x576.jpg 768w, https:\/\/anv-obererneckar.de\/wp-content\/uploads\/2020\/03\/20121014_103158-1536x1152.jpg 1536w, https:\/\/anv-obererneckar.de\/wp-content\/uploads\/2020\/03\/20121014_103158-2048x1536.jpg 2048w\" sizes=\"auto, (max-width: 1024px) 100vw, 1024px\" \/><\/figure>\n\n\n\n<figure class=\"wp-block-image size-large\"><img loading=\"lazy\" decoding=\"async\" width=\"1024\" height=\"768\" data-id=\"57\" src=\"https:\/\/anv-obererneckar.de\/wp-content\/uploads\/2020\/03\/20121014_104703-1024x768.jpg\" alt=\"\" class=\"wp-image-57\" srcset=\"https:\/\/anv-obererneckar.de\/wp-content\/uploads\/2020\/03\/20121014_104703-1024x768.jpg 1024w, https:\/\/anv-obererneckar.de\/wp-content\/uploads\/2020\/03\/20121014_104703-300x225.jpg 300w, https:\/\/anv-obererneckar.de\/wp-content\/uploads\/2020\/03\/20121014_104703-768x576.jpg 768w, https:\/\/anv-obererneckar.de\/wp-content\/uploads\/2020\/03\/20121014_104703-1536x1152.jpg 1536w, https:\/\/anv-obererneckar.de\/wp-content\/uploads\/2020\/03\/20121014_104703-2048x1536.jpg 2048w\" sizes=\"auto, (max-width: 1024px) 100vw, 1024px\" \/><\/figure>\n<\/figure>\n\n\n\n<p class=\"has-text-align-center\"><strong>Unsere Gaststrecke<\/strong><\/p>\n\n\n\n<figure class=\"wp-block-gallery alignfull has-nested-images columns-default is-cropped wp-block-gallery-5 is-layout-flex wp-block-gallery-is-layout-flex\">\n<figure class=\"wp-block-image size-large\"><img loading=\"lazy\" decoding=\"async\" width=\"1024\" height=\"768\" data-id=\"58\" src=\"https:\/\/anv-obererneckar.de\/wp-content\/uploads\/2020\/03\/20121013_164529-1024x768.jpg\" alt=\"\" class=\"wp-image-58\" srcset=\"https:\/\/anv-obererneckar.de\/wp-content\/uploads\/2020\/03\/20121013_164529-1024x768.jpg 1024w, https:\/\/anv-obererneckar.de\/wp-content\/uploads\/2020\/03\/20121013_164529-300x225.jpg 300w, https:\/\/anv-obererneckar.de\/wp-content\/uploads\/2020\/03\/20121013_164529-768x576.jpg 768w, https:\/\/anv-obererneckar.de\/wp-content\/uploads\/2020\/03\/20121013_164529-1536x1152.jpg 1536w, https:\/\/anv-obererneckar.de\/wp-content\/uploads\/2020\/03\/20121013_164529-2048x1536.jpg 2048w\" sizes=\"auto, (max-width: 1024px) 100vw, 1024px\" \/><\/figure>\n\n\n\n<figure class=\"wp-block-image size-large\"><img loading=\"lazy\" decoding=\"async\" width=\"1024\" height=\"768\" data-id=\"59\" src=\"https:\/\/anv-obererneckar.de\/wp-content\/uploads\/2020\/03\/20121013_164538-1024x768.jpg\" alt=\"\" class=\"wp-image-59\" srcset=\"https:\/\/anv-obererneckar.de\/wp-content\/uploads\/2020\/03\/20121013_164538-1024x768.jpg 1024w, https:\/\/anv-obererneckar.de\/wp-content\/uploads\/2020\/03\/20121013_164538-300x225.jpg 300w, https:\/\/anv-obererneckar.de\/wp-content\/uploads\/2020\/03\/20121013_164538-768x576.jpg 768w, https:\/\/anv-obererneckar.de\/wp-content\/uploads\/2020\/03\/20121013_164538-1536x1152.jpg 1536w, https:\/\/anv-obererneckar.de\/wp-content\/uploads\/2020\/03\/20121013_164538-2048x1536.jpg 2048w\" sizes=\"auto, (max-width: 1024px) 100vw, 1024px\" \/><\/figure>\n\n\n\n<figure class=\"wp-block-image size-large\"><img loading=\"lazy\" decoding=\"async\" width=\"1024\" height=\"768\" data-id=\"60\" src=\"https:\/\/anv-obererneckar.de\/wp-content\/uploads\/2020\/03\/20121013_164727-1024x768.jpg\" alt=\"\" class=\"wp-image-60\" srcset=\"https:\/\/anv-obererneckar.de\/wp-content\/uploads\/2020\/03\/20121013_164727-1024x768.jpg 1024w, https:\/\/anv-obererneckar.de\/wp-content\/uploads\/2020\/03\/20121013_164727-300x225.jpg 300w, https:\/\/anv-obererneckar.de\/wp-content\/uploads\/2020\/03\/20121013_164727-768x576.jpg 768w, https:\/\/anv-obererneckar.de\/wp-content\/uploads\/2020\/03\/20121013_164727-1536x1152.jpg 1536w, https:\/\/anv-obererneckar.de\/wp-content\/uploads\/2020\/03\/20121013_164727-2048x1536.jpg 2048w\" sizes=\"auto, (max-width: 1024px) 100vw, 1024px\" \/><\/figure>\n<\/figure>\n","protected":false},"excerpt":{"rendered":"<p>Neckar Unser See in Sulz &#8211; Str\u00fctwiesen Die Schlichem T\u00fcrnerbach ( F\u00fcrnsal ) Unsere Gaststrecke<\/p>\n","protected":false},"author":1,"featured_media":0,"parent":0,"menu_order":0,"comment_status":"closed","ping_status":"closed","template":"","meta":{"neve_meta_sidebar":"","neve_meta_container":"","neve_meta_enable_content_width":"","neve_meta_content_width":0,"neve_meta_title_alignment":"","neve_meta_author_avatar":"","neve_post_elements_order":"","neve_meta_disable_header":"","neve_meta_disable_footer":"","neve_meta_disable_title":"","footnotes":""},"class_list":["post-45","page","type-page","status-publish","hentry"],"_links":{"self":[{"href":"https:\/\/anv-obererneckar.de\/index.php?rest_route=\/wp\/v2\/pages\/45","targetHints":{"allow":["GET"]}}],"collection":[{"href":"https:\/\/anv-obererneckar.de\/index.php?rest_route=\/wp\/v2\/pages"}],"about":[{"href":"https:\/\/anv-obererneckar.de\/index.php?rest_route=\/wp\/v2\/types\/page"}],"author":[{"embeddable":true,"href":"https:\/\/anv-obererneckar.de\/index.php?rest_route=\/wp\/v2\/users\/1"}],"replies":[{"embeddable":true,"href":"https:\/\/anv-obererneckar.de\/index.php?rest_route=%2Fwp%2Fv2%2Fcomments&post=45"}],"version-history":[{"count":5,"href":"https:\/\/anv-obererneckar.de\/index.php?rest_route=\/wp\/v2\/pages\/45\/revisions"}],"predecessor-version":[{"id":2446,"href":"https:\/\/anv-obererneckar.de\/index.php?rest_route=\/wp\/v2\/pages\/45\/revisions\/2446"}],"wp:attachment":[{"href":"https:\/\/anv-obererneckar.de\/index.php?rest_route=%2Fwp%2Fv2%2Fmedia&parent=45"}],"curies":[{"name":"wp","href":"https:\/\/api.w.org\/{rel}","templated":true}]}}