{"id":76,"date":"2020-03-26T08:45:23","date_gmt":"2020-03-26T08:45:23","guid":{"rendered":"http:\/\/anv-obererneckar.de\/?page_id=76"},"modified":"2026-03-21T15:33:29","modified_gmt":"2026-03-21T14:33:29","slug":"termine","status":"publish","type":"page","link":"https:\/\/anv-obererneckar.de\/?page_id=76","title":{"rendered":"Termine"},"content":{"rendered":"\n<p style=\"font-size:25px\"><strong>Veranstaltungskalender 2026<\/strong><\/p>\n\n\n\n<p><strong>07. Januar 2026 &#8211; Anglertreff,<\/strong> Beginn: 18.30 Uhr in der Sportgastst\u00e4tte in Hochm\u00f6ssingen, letzter Abgabetermin f\u00fcr Fangliste und Arbeitszeitnachweis, sowie letzter Abgabetermin f\u00fcr Antr\u00e4ge auf Gastkarten oder aktive Mitgliedschaft.<\/p>\n\n\n\n<p><strong>14. M\u00e4rz &#8211; Gerneralversammlung, Beginn: 18.00 Uhr, <\/strong>&#8222;Vereinsheim\/Turnhalle Aistaig&#8220;<\/p>\n\n\n\n<p><strong>15. M\u00e4rz<\/strong> <strong>&#8211;<\/strong> <strong>Kameradschaftsfischen,<\/strong> Treffpunkt: 13.15 Uhr, Neckarhalle Oberndorf, Beginn: 13.30 Uhr, Ende: 16.30 Uhr, Verlosung am Bauwagen , anschlie\u00dfend gem\u00fctliches Beisammensein. Die Mitglieder die sich beim Kameradschaftsfischen nicht anmelden und daran teilnehmen, f\u00fcr die beginnt die neue Saison erst am Folgetag.<\/p>\n\n\n\n<p><strong>21. M\u00e4rz \u2013 Tag des Gew\u00e4ssers,<\/strong> Landschafts- und Neckarputzete von Talhausen bis Aistaig. Beginn: 9.00 Uhr, Treffpunkt: Bauwagen. Organisation: Franz Wurzinger<\/p>\n\n\n\n<p><strong>02. April &#8211; Verkauf von Forellen,<\/strong> in Aistaig, Oberndorf, Hochm\u00f6ssingen und Oberndorf-Lindenhof, Organisation: Hansj\u00f6rg Deeg.<\/p>\n\n\n\n<p><strong>10. Mai &#8211; Anglertreff,<\/strong> 10.00 bis 12.00 Uhr mit Bewirtung am Bauwagen.<\/p>\n\n\n\n<p><strong>16. Mai &#8211; Arbeitseinsatz am See,<\/strong> Beginn: 9.00 Uhr. Organisation: Franz Wurzinger.<\/p>\n\n\n\n<p><strong>21. Juni &#8211; Anglertreff,<\/strong> 10.00 bis 12.00 Uhr mit Bewirtung am Bauwagen.<\/p>\n\n\n\n<p><strong>05. Juli &#8211; Fischerfest, <\/strong>auf unserem Grundst\u00fcck in Altoberndorf. Organisation: Bernd Apel.<\/p>\n\n\n\n<p><strong>01. August &#8211; Aalabend<\/strong> am See in Sulz \/ Str\u00fctwiesen.  Organisation: Bernd Apel.<\/p>\n\n\n\n<p><strong>22. August &#8211; <\/strong> <strong>&#8220; Wir besuchen den Neckar &#8222;<\/strong> f\u00fcr Kinder und Jugendliche.<\/p>\n\n\n\n<p><strong>06. September &#8211; Anglertreff,<\/strong> 10.00 bis 12.00 Uhr mit Bewirtung am Bauwagen.<\/p>\n\n\n\n<p><strong>27. September &#8211; Kameradschaftsfischen, <\/strong>Treffpunkt: Bauwagen. Beginn: 8.30 Uhr, Ende: 11.30 Uhr, Verlosung am Bauwagen, danach gem\u00fctliches Beisammensein, bei Wurst und Steak vom Grill. Organisation: Andreas M\u00fcller.<\/p>\n\n\n\n<p><strong>08. November &#8211; Arbeitseinsatz am See,<\/strong> Beginn: 9.00 Uhr. Organisation: Franz Wurzinger.<\/p>\n\n\n\n<p><strong>14. November &#8211; Saisonabschlussfeier<\/strong> &#8211; Sch\u00fctzenhaus in Oberndorf. Beginn: 17.00 Uhr.<\/p>\n\n\n\n<p><strong>07. Januar 2027 &#8211; Anglertreff, <\/strong><em><strong>18:30 Uhr<\/strong><\/em> <strong>im Sportheim in Hochm\u00f6ssingen<\/strong> , letzter Abgabetermin f\u00fcr Fangliste und Arbeitszeitnachweis, sowie letzter Abgabetermin f\u00fcr Antr\u00e4ge auf Gastkarten oder aktive Mitgliedschaft.<\/p>\n\n\n\n<p><strong>Weitere Arbeitseins\u00e4tze werden angeboten<\/strong> <strong>und auch per Email und auf der Homepage bekannt gegeben.<\/strong><\/p>\n\n\n\n<p><strong>Termine unter Vorbehalt, bitte Homepage beachten.<\/strong><\/p>\n\n\n\n<p><strong>F\u00fcr einen Arbeitseinsatz ist eine verbindliche Anmeldung notwendig, wegen der Planung.<\/strong><\/p>\n","protected":false},"excerpt":{"rendered":"<p>Veranstaltungskalender 2026 07. Januar 2026 &#8211; Anglertreff, Beginn: 18.30 Uhr in der Sportgastst\u00e4tte in Hochm\u00f6ssingen, letzter Abgabetermin f\u00fcr Fangliste und Arbeitszeitnachweis, sowie letzter Abgabetermin f\u00fcr Antr\u00e4ge auf Gastkarten oder aktive Mitgliedschaft. 14. M\u00e4rz &#8211; Gerneralversammlung, Beginn: 18.00 Uhr, &#8222;Vereinsheim\/Turnhalle Aistaig&#8220; 15. M\u00e4rz &#8211; Kameradschaftsfischen, Treffpunkt: 13.15 Uhr, Neckarhalle Oberndorf, Beginn: 13.30 Uhr, Ende: 16.30 Uhr,&hellip;&nbsp;<a href=\"https:\/\/anv-obererneckar.de\/?page_id=76\" rel=\"bookmark\">Weiterlesen &raquo;<span class=\"screen-reader-text\">Termine<\/span><\/a><\/p>\n","protected":false},"author":1,"featured_media":0,"parent":0,"menu_order":0,"comment_status":"closed","ping_status":"closed","template":"","meta":{"neve_meta_sidebar":"","neve_meta_container":"","neve_meta_enable_content_width":"","neve_meta_content_width":0,"neve_meta_title_alignment":"","neve_meta_author_avatar":"","neve_post_elements_order":"","neve_meta_disable_header":"","neve_meta_disable_footer":"","neve_meta_disable_title":"","footnotes":""},"class_list":["post-76","page","type-page","status-publish","hentry"],"_links":{"self":[{"href":"https:\/\/anv-obererneckar.de\/index.php?rest_route=\/wp\/v2\/pages\/76","targetHints":{"allow":["GET"]}}],"collection":[{"href":"https:\/\/anv-obererneckar.de\/index.php?rest_route=\/wp\/v2\/pages"}],"about":[{"href":"https:\/\/anv-obererneckar.de\/index.php?rest_route=\/wp\/v2\/types\/page"}],"author":[{"embeddable":true,"href":"https:\/\/anv-obererneckar.de\/index.php?rest_route=\/wp\/v2\/users\/1"}],"replies":[{"embeddable":true,"href":"https:\/\/anv-obererneckar.de\/index.php?rest_route=%2Fwp%2Fv2%2Fcomments&post=76"}],"version-history":[{"count":53,"href":"https:\/\/anv-obererneckar.de\/index.php?rest_route=\/wp\/v2\/pages\/76\/revisions"}],"predecessor-version":[{"id":3730,"href":"https:\/\/anv-obererneckar.de\/index.php?rest_route=\/wp\/v2\/pages\/76\/revisions\/3730"}],"wp:attachment":[{"href":"https:\/\/anv-obererneckar.de\/index.php?rest_route=%2Fwp%2Fv2%2Fmedia&parent=76"}],"curies":[{"name":"wp","href":"https:\/\/api.w.org\/{rel}","templated":true}]}}