{"id":942,"date":"2020-11-19T19:37:08","date_gmt":"2020-11-19T18:37:08","guid":{"rendered":"https:\/\/anv-obererneckar.de\/?page_id=942"},"modified":"2025-02-21T21:37:17","modified_gmt":"2025-02-21T20:37:17","slug":"geschaeftsordnung","status":"publish","type":"page","link":"https:\/\/anv-obererneckar.de\/?page_id=942","title":{"rendered":"Gesch\u00e4ftsordnung"},"content":{"rendered":"\n<p style=\"font-size:25px\"> <strong>Allgemeine Richtlinien f\u00fcr Mitglieder und G\u00e4ste  <\/strong> <\/p>\n\n\n\n<div class=\"accordion\" id=\"accordionExample\">\n\n<!-- region Card 1 -->  \n<div class=\"card\"> \n<div class=\"card-header\" id=\"heading1\">\n <h3 class=\"panel-title\">\n  <a data-toggle=\"collapse\" data-target=\"#collapse1\" aria-expanded=\"true\" aria-controls=\"collapse1\">\nI. Vereinsleben\n  <\/a>\n <\/h3>\n<\/div>\n<div id=\"collapse1\" class=\"collapse show\" aria-labelledby=\"heading1\" data-parent=\"#accordionExample\">\n<div class=\"card-body\">\n <ul class=\"list-group list-group-flush\">\n  <li class=\"list-group-item\">\n1. Die Teilnahme an der j\u00e4hrlichen Generalversammlung ist f\u00fcr jedes Mitglied, sofern keine besonderen Hinderungsgr\u00fcnde vorliegen, Pflicht. Entschuldigungen sind in Schriftform erw\u00fcnscht.  \n  <\/li>\n  <li class=\"list-group-item\">\n2. An den Veranstaltungen des Vereins (wie gemeinsames Angeln, Familienabende, Ausfl\u00fcge sowie Arbeitseins\u00e4tze und Anglertreffs) sollte stets teilgenommen werden. \n  <\/li>\n  <li class=\"list-group-item\">\n3. Fanglisten sind exakt zu f\u00fchren und dem Gew\u00e4sserwart bis 7.1. des Folgejahres zu \u00fcbergeben. Bei Zuwiderhandlung wird f\u00fcr das laufende Jahr die Fischereierlaubnis erst ab dem 1.5. erteilt. Fische die nach dem 7.1. am See gefangen werden, sind auf der neuen Fangliste nachzutragen. \n  <\/li>\n  <li class=\"list-group-item\">\n4. Der Verkauf gefangener Fische ist verboten.\n  <\/li>\n  <li class=\"list-group-item\">\n5. Jeder Erlaubnisscheininhaber hat sich mit der Vereinssatzung vertraut zu machen, die auf der Homepage hinterlegt ist. \n  <\/li>\n  <li class=\"list-group-item\">\n6. Der Jahreserlaubnisscheininhaber hat im Kalenderjahr mindestens 10 Arbeitsstunden ( Wer sich zu einem Arbeitseinsatz angemeldet hat und diesen nicht wahrnehmen kann, muss selbst um Ersatz schauen) abzuleisten. F\u00fcr jede Fehlstunde ist der von der Generalversammlung beschlossene Betrag zu zahlen. Die Schuld gilt als Beitragsschuld und ist mit dem Jahresbeitrag des Folgejahres zu entrichten.<br>Vom Arbeitsdienst sind befreit:\n   <ul class=\"list-group list-group-flush\">\n    <li class=\"list-group-item\">\na) Ehrenmitglieder\n    <\/li>\n    <li class=\"list-group-item\">\nb) Jahreserlaubnisscheininhaber mit Vollendung des 70. Lebensjahres.\n    <\/li>\n    <li class=\"list-group-item\">\nc) die Vorstandschaft kann im Einzelfall auf schriftlichen Antrag beim Vorliegen eines besonderen H\u00e4rtefalles auf die Ableistung von Arbeitsstunden verzichten. \n    <\/li>\n   <\/ul>\n  <\/li>\n <\/ul>\n<\/div>\n<\/div>\n<\/div>\n<!-- endregion Card 1-->\n\n<!-- region Card 2-->\n<div class=\"card\">\n<div class=\"card-header\" id=\"heading2\">\n <h3 class=\"panel-title\">\n  <a data-toggle=\"collapse\" data-target=\"#collapse2\" aria-expanded=\"true\" aria-controls=\"collapse2\">\nII. Verhalten am Wasser\n  <\/a>\n <\/h3>\n<\/div>\n<div id=\"collapse2\" class=\"collapse\" aria-labelledby=\"heading2\" data-parent=\"#accordionExample\">\n<div class=\"card-body\">\n <ul class=\"list-group list-group-flush\">\n  <li class=\"list-group-item\">\n1. Die durch Grenztafeln markierten Fischwassergrenzen sind zu beachten.\n  <\/li>\n  <li class=\"list-group-item\">\n2. Aktuelle Fangmengen sind auf der Jahreskarte ersichtlich.\n  <\/li>\n  <li class=\"list-group-item\">\n3. Die gesetzlichen Mindestma\u00dfe und Schonzeiten sind einzuhalten, unterma\u00dfige Fische sind zur\u00fcckzusetzen, nachdem sie bei schonenster Behandlung mit angefeuchteter Hand vom Haken gel\u00f6st wurden. Besteht f\u00fcr den gefangenen, unterma\u00dfigen Fisch infolge Verletzung keine \u00dcberlebenschance so muss der Fisch, laut dem neuen Tierschutzgesetz, entnommen und verwertet werden und z\u00e4hlt als gefangen mit Vermerk unterma\u00dfig zu dokumentieren. \n  <\/li>\n  <li class=\"list-group-item\">\n4. Eigenm\u00e4chtiges Besetzen von Fischen aller Art ist untersagt ( Seuchengefahr ).\n  <\/li>\n  <li class=\"list-group-item\">\n5. Jedes Mitglied ist kontrollberechtigt. Auf Verlangen sind die Fischereipapiere ( Jahresfischereischein, Erlaubnisschein, Fangliste und Fang ) vorzuzeigen. \n  <\/li>\n  <li class=\"list-group-item\">\n6. Wir haben nur ein Ufer<b>begehungs<\/b>recht. Es ist deshalb verboten, mit dem PKW \u00f6ffentliche Wege zu verlassen und ans Wasser zu fahren. Selbstverst\u00e4ndlich ist es auch untersagt, m\u00e4hreife Wiesen und Getreidefelder zu \u00fcberqueren ( auch nicht zu Fu\u00df ). Umwege m\u00fcssen insoweit in Kauf genommen werden. Der Fischereiaus\u00fcbende haftet pers\u00f6nlich mit befreiender Wirkung f\u00fcr den Verein f\u00fcr angerichtete Sch\u00e4den. \n  <\/li>\n  <li class=\"list-group-item\">\n7. Schwarzfischer sind zu identifizieren, zumindest das Kfz-Kennzeichen sowie Wagentyp und Farbe zu notieren sowie unverz\u00fcglich bei der Vereinsleitung, die die weiteren Schritte unternimmt, anzuzeigen. Wasserverunreinigungen sind gleichfalls anzuzeigen und bei Gefahr im Verzuge Wasserproben zu entnehmen ( evtl. Bilder machen ). \n  <\/li>\n  <li class=\"list-group-item\">\n8. Die Anfutterbegrenzung betr\u00e4gt maximal 300 gr. pro Tag \/ pro Mitglied. Dies gilt f\u00fcr alle dem Verein zur Verf\u00fcgung stehenden Gew\u00e4sser.\n  <\/li>\n  <li class=\"list-group-item\">\n9. Setzkescher sind nicht erlaubt. Ausnahmen sind angeordnete Hegema\u00dfnahmen.\n  <\/li>\n  <li class=\"list-group-item\">\n10. Ab dem 01.05. werden erst Gastkarten f\u00fcr aktive Mitglieder ausgegeben (nach Ende der Schonzeit der \u00c4sche). Jedes aktive Mitglied kann max. 4 Gastkarten pro Jahr erwerben.\n  <\/li>\n  <li class=\"list-group-item\">\n11. Die Mitglieder die sich beim Kameradschaftsfischen nicht anmelden und daran teilnehmen, f\u00fcr die beginnt die neue Angelsaison erst am Folgetag.\n  <\/li>\n <\/ul>\n<\/div>\n<\/div>\n<\/div>\n<!-- endregion Card 2 -->\n\n<!-- region Card 3 -->\n<div class=\"card\">\n<div class=\"card-header\" id=\"heading3\">\n <h3 class=\"panel-title\">\n  <a data-toggle=\"collapse\" data-target=\"#collapse3\" aria-expanded=\"true\" aria-controls=\"collapse3\">\nIII. Definition der weiteren Vorstandschaft\n  <\/a>\n <\/h3>\n<\/div>\n<div id=\"collapse3\" class=\"collapse\" aria-labelledby=\"heading3\" data-parent=\"#accordionExample\">\n<div class=\"card-body\">\n <ul class=\"list-group list-group-flush\">\n  <li class=\"list-group-item\">\n   <b>\n1. Jugendwart\n   <\/b>\n   <p>\nDer Jugendwart betreut die Jungangler in eigener Regie. Er ist f\u00fcr den j\u00e4hrlichen Betreuungsplan sowie die Jugendveranstaltungen verantwortlich. \n   <\/p>\n  <\/li>\n  <li class=\"list-group-item\">\n   <b>\n2. Ger\u00e4tewart\n   <\/b>\n   <p>\nDer Ger\u00e4tewart ist f\u00fcr die Instandhaltung und Pflege der vereinseigenen Ger\u00e4te und Teiche am Irslenbach zust\u00e4ndig. \n   <\/p>\n  <\/li>\n  <li class=\"list-group-item\">\n   <b>\n3. Beisitzer\n   <\/b>\n   <p>\n   <\/p><ul class=\"list-group list-group-flush\">\n    <li class=\"list-group-item\">\n3.1 Seebetreuung ( Sulz \u2013 Str\u00fctwiesen )\n    <\/li>\n    <li class=\"list-group-item\">\n3.2 Organisation und Durchf\u00fchrung des Fischverkaufs am Gr\u00fcndonnerstag\n    <\/li>\n    <li class=\"list-group-item\">\n3.3 Elektrotechnik beim j\u00e4hrlichen Fischerfest\n    <\/li>\n    <li class=\"list-group-item\">\n3.4 Derzeit nicht besetzt\n    <\/li>\n   <\/ul> \n   <p><\/p>\n  <\/li>\n <\/ul>\n<\/div>\n<\/div>\n<\/div>\n<!-- endregion Card 3 -->\n\n<!-- region Card 4 -->\n<div class=\"card\">\n<div class=\"card-header\" id=\"heading4\">\n <h3 class=\"panel-title\">\n  <a data-toggle=\"collapse\" data-target=\"#collapse4\" aria-expanded=\"true\" aria-controls=\"collapse4\">\nIV. Jungangler\n  <\/a>\n <\/h3>\n<\/div>\n<div id=\"collapse4\" class=\"collapse\" aria-labelledby=\"heading4\" data-parent=\"#accordionExample\">\n<div class=\"card-body\">\n <ul class=\"list-group list-group-flush\">\n  <li class=\"list-group-item\">\n1. Jugendliche Fischer ohne Sachkundenachweis von 10 \u2013 16 Jahre ben\u00f6tigen den j\u00e4hrlich neu zu beantragenden Jugendfischereischein und d\u00fcrfen nur in Begleitung eines aktiven Mitglieds die Fischerei aus\u00fcben. Der Jugendfischereischein gilt bis zum Ende des Jahres, in dem sie 16 Jahre alt werden. \n  <\/li>\n  <li class=\"list-group-item\">\n2. Jungfischer <b>mit<\/b> Sachkundenachweis von 10 \u2013 18 Jahre und g\u00fcltigen Jahresfischereischein d\u00fcrfen den Fischfang eigenst\u00e4ndig aus\u00fcben. \n  <\/li>\n <\/ul>\n<\/div>\n<\/div>\n<\/div>\n<!-- endregion Card 4 -->\n\n<!-- region Card 5 -->\n<div class=\"card\">\n<div class=\"card-header\" id=\"heading5\">\n <h3 class=\"panel-title\">\n  <a data-toggle=\"collapse\" data-target=\"#collapse5\" aria-expanded=\"true\" aria-controls=\"collapse5\">\nV. Zuwiderhandlungen \n  <\/a>\n <\/h3>\n<\/div>\n<div id=\"collapse5\" class=\"collapse\" aria-labelledby=\"heading5\" data-parent=\"#accordionExample\">\n<div class=\"card-body\">\nBei Zuwiderhandlungen gegen diese Richtlinien beh\u00e4lt sich die Vorstandschaft entsprechende Schritte vor, die vom Verweis bis zum Vereinsausschlu\u00df reichen k\u00f6nnen. \n<\/div>\n<\/div>\n<\/div>\n<!-- endregion Card 5 -->\n\n<!-- region Card 6 -->\n<div class=\"card\">\n<div class=\"card-header\" id=\"heading6\">\n <h3 class=\"panel-title\">\n  <a data-toggle=\"collapse\" data-target=\"#collapse6\" aria-expanded=\"true\" aria-controls=\"collapse6\">\nVI. Richtlinien \n  <\/a>\n <\/h3>\n<\/div>\n<div id=\"collapse6\" class=\"collapse\" aria-labelledby=\"heading6\" data-parent=\"#accordionExample\">\n<div class=\"card-body\">\nSoweit vorstehende Richtlinien durch Gesetzes\u00e4nderungen rechtseinengend \u00fcberholt werden, gelten die gesetzlichen Bestimmungen. \n<\/div>\n<\/div>\n<\/div>\n<!-- endregion Card 6 -->\n\n<\/div>\n\n\n\n<p><\/p>\n","protected":false},"excerpt":{"rendered":"<p>Allgemeine Richtlinien f\u00fcr Mitglieder und G\u00e4ste I. Vereinsleben 1. Die Teilnahme an der j\u00e4hrlichen Generalversammlung ist f\u00fcr jedes Mitglied, sofern keine besonderen Hinderungsgr\u00fcnde vorliegen, Pflicht. Entschuldigungen sind in Schriftform erw\u00fcnscht. 2. An den Veranstaltungen des Vereins (wie gemeinsames Angeln, Familienabende, Ausfl\u00fcge sowie Arbeitseins\u00e4tze und Anglertreffs) sollte stets teilgenommen werden. 3. Fanglisten sind exakt zu f\u00fchren&hellip;&nbsp;<a href=\"https:\/\/anv-obererneckar.de\/?page_id=942\" rel=\"bookmark\">Weiterlesen &raquo;<span class=\"screen-reader-text\">Gesch\u00e4ftsordnung<\/span><\/a><\/p>\n","protected":false},"author":2,"featured_media":0,"parent":0,"menu_order":0,"comment_status":"closed","ping_status":"closed","template":"","meta":{"neve_meta_sidebar":"full-width","neve_meta_container":"","neve_meta_enable_content_width":"off","neve_meta_content_width":100,"neve_meta_title_alignment":"","neve_meta_author_avatar":"","neve_post_elements_order":"","neve_meta_disable_header":"","neve_meta_disable_footer":"","neve_meta_disable_title":"","footnotes":""},"class_list":["post-942","page","type-page","status-publish","hentry"],"_links":{"self":[{"href":"https:\/\/anv-obererneckar.de\/index.php?rest_route=\/wp\/v2\/pages\/942","targetHints":{"allow":["GET"]}}],"collection":[{"href":"https:\/\/anv-obererneckar.de\/index.php?rest_route=\/wp\/v2\/pages"}],"about":[{"href":"https:\/\/anv-obererneckar.de\/index.php?rest_route=\/wp\/v2\/types\/page"}],"author":[{"embeddable":true,"href":"https:\/\/anv-obererneckar.de\/index.php?rest_route=\/wp\/v2\/users\/2"}],"replies":[{"embeddable":true,"href":"https:\/\/anv-obererneckar.de\/index.php?rest_route=%2Fwp%2Fv2%2Fcomments&post=942"}],"version-history":[{"count":28,"href":"https:\/\/anv-obererneckar.de\/index.php?rest_route=\/wp\/v2\/pages\/942\/revisions"}],"predecessor-version":[{"id":2932,"href":"https:\/\/anv-obererneckar.de\/index.php?rest_route=\/wp\/v2\/pages\/942\/revisions\/2932"}],"wp:attachment":[{"href":"https:\/\/anv-obererneckar.de\/index.php?rest_route=%2Fwp%2Fv2%2Fmedia&parent=942"}],"curies":[{"name":"wp","href":"https:\/\/api.w.org\/{rel}","templated":true}]}}